{"id":184,"date":"2024-02-25T12:55:36","date_gmt":"2024-02-25T11:55:36","guid":{"rendered":"https:\/\/annabella.la\/?page_id=184"},"modified":"2025-11-05T20:00:46","modified_gmt":"2025-11-05T19:00:46","slug":"journee-dinitiation-a-la-maieusthesie","status":"publish","type":"page","link":"https:\/\/annabella.la\/?page_id=184","title":{"rendered":"Journ\u00e9e d&rsquo;initiation \u00e0 la Ma\u00efeusth\u00e9sie"},"content":{"rendered":"\n<p class=\"has-text-align-center has-white-color has-text-color has-link-color wp-elements-919bd0bef48f93a3ceb5524ee852d833\">  Apprendre \u00e0 <strong>me respecter <\/strong>tout en <strong>respectant l\u2019Autre<\/strong><\/p>\n\n\n\n<p class=\"has-black-color has-text-color has-link-color wp-elements-9ac00cf961d1ea846fe5a532228b76c6\"><\/p>\n\n\n<style>.kb-row-layout-id184_b28282-c6 > .kt-row-column-wrap{align-content:start;}:where(.kb-row-layout-id184_b28282-c6 > .kt-row-column-wrap) > .wp-block-kadence-column{justify-content:start;}.kb-row-layout-id184_b28282-c6 > .kt-row-column-wrap{column-gap:var(--global-kb-gap-md, 2rem);row-gap:var(--global-kb-gap-md, 2rem);padding-top:var(--global-kb-spacing-sm, 1.5rem);padding-bottom:var(--global-kb-spacing-sm, 1.5rem);grid-template-columns:minmax(0, 1fr);}.kb-row-layout-id184_b28282-c6{border-top-left-radius:20px;border-top-right-radius:20px;border-bottom-right-radius:20px;border-bottom-left-radius:20px;overflow:clip;isolation:isolate;}.kb-row-layout-id184_b28282-c6 > .kt-row-layout-overlay{border-top-left-radius:20px;border-top-right-radius:20px;border-bottom-right-radius:20px;border-bottom-left-radius:20px;}.kb-row-layout-id184_b28282-c6{background-image:url('https:\/\/annabella.la\/wp-content\/uploads\/2024\/02\/Example-Background-Image.jpg');background-size:auto;background-position:49% 52%;background-attachment:fixed;background-repeat:no-repeat;}.kb-row-layout-id184_b28282-c6 > .kt-row-layout-overlay{opacity:0.30;background-color:#568c11;}@media all and (max-width: 1024px), only screen and (min-device-width: 1024px) and (max-device-width: 1366px) and (-webkit-min-device-pixel-ratio: 2) and (hover: none){.kb-row-layout-id184_b28282-c6{background-attachment:scroll;}}@media all and (max-width: 1024px){.kb-row-layout-id184_b28282-c6 > .kt-row-column-wrap{grid-template-columns:minmax(0, 1fr);}}@media all and (max-width: 767px){.kb-row-layout-id184_b28282-c6 > .kt-row-column-wrap{grid-template-columns:minmax(0, 1fr);}}<\/style><div class=\"kb-row-layout-wrap kb-row-layout-id184_b28282-c6 alignnone has-orange-background-color kt-row-has-bg kt-jarallax wp-block-kadence-rowlayout\" data-img-position=\"49% 52%\" data-img-size=\"auto\" data-img-repeat=\"no-repeat\"><div class=\"kt-row-layout-overlay kt-row-overlay-normal\"><\/div><div class=\"kt-row-column-wrap kt-has-1-columns kt-row-layout-equal kt-tab-layout-inherit kt-mobile-layout-row kt-row-valign-top\">\n<style>.kadence-column184_b47554-a8 > .kt-inside-inner-col,.kadence-column184_b47554-a8 > .kt-inside-inner-col:before{border-top-left-radius:20px;border-top-right-radius:20px;border-bottom-right-radius:20px;border-bottom-left-radius:20px;}.kadence-column184_b47554-a8 > .kt-inside-inner-col{column-gap:var(--global-kb-gap-sm, 1rem);}.kadence-column184_b47554-a8 > .kt-inside-inner-col{flex-direction:column;}.kadence-column184_b47554-a8 > .kt-inside-inner-col > .aligncenter{width:100%;}.kadence-column184_b47554-a8 > .kt-inside-inner-col{background-color:rgba(250, 183, 2, 0.02);}.kadence-column184_b47554-a8 > .kt-inside-inner-col:before{opacity:0.3;}.kadence-column184_b47554-a8{text-align:center;}.kadence-column184_b47554-a8{position:relative;}.kadence-column184_b47554-a8, .kt-inside-inner-col > .kadence-column184_b47554-a8:not(.specificity){margin-top:var(--global-kb-spacing-xxs, 0.5rem);margin-right:var(--global-kb-spacing-xxs, 0.5rem);margin-bottom:var(--global-kb-spacing-xxs, 0.5rem);margin-left:var(--global-kb-spacing-xxs, 0.5rem);}@media all and (max-width: 1024px){.kadence-column184_b47554-a8 > .kt-inside-inner-col{flex-direction:column;justify-content:center;}}@media all and (max-width: 767px){.kadence-column184_b47554-a8 > .kt-inside-inner-col{flex-direction:column;justify-content:center;}}<\/style>\n<div class=\"wp-block-kadence-column kadence-column184_b47554-a8\"><div class=\"kt-inside-inner-col\">\n<p class=\"has-orange-color has-text-color has-link-color wp-elements-9a2429eb280f0c8bdc497981654fec94\" style=\"font-size:34px\"><strong>POURQUOI PARTICIPER \u00c0 CETTE JOURNEE?<\/strong><\/p>\n\n\n\n<p class=\"has-text-align-center has-white-color has-text-color has-link-color wp-elements-fed86099a9ab7ddc2dc9609499cb60a4\" style=\"font-size:25px\">  Reprendre la ma\u00eetrise de ma<strong> communication<\/strong>, retrouver de la <strong>fluidit\u00e9<\/strong> dans toutes mes relations<\/p>\n\n\n\n<p class=\"has-text-align-center has-white-color has-text-color has-link-color wp-elements-ac90ecd09cb8f952563a6450c2fa253b\" style=\"font-size:25px\">  Apprendre \u00e0 <strong>me respecter <\/strong>tout en <strong>respectant l\u2019Autre<\/strong><\/p>\n\n\n\n<p class=\"has-text-align-center has-white-color has-text-color has-link-color wp-elements-3013c7f1c5c2fd5934a1586b271a39e2\" style=\"font-size:25px\">  Faire aboutir mes <strong>projets<\/strong> en int\u00e9grant mon <strong>entourage<\/strong><\/p>\n\n\n\n<p class=\"has-text-align-center has-white-color has-text-color has-link-color wp-elements-813a2c8125aa094a3edfe4342b9bf392\" style=\"font-size:25px\">  Savoir cr\u00e9er des situations <strong>gagnant gagnant<\/strong><\/p>\n\n\n\n<p class=\"has-text-align-center has-orange-color has-text-color has-link-color wp-elements-608bb1906db30a4a42ddf3eeb1ce3481\" style=\"font-size:34px\"><strong>COMMENT?<\/strong><\/p>\n\n\n\n<p class=\"has-text-align-center has-white-color has-text-color has-link-color wp-elements-5f185ed783469c781230558680fef929\" style=\"font-size:25px\">  Acqu\u00e9rir la<strong> posture juste<\/strong><\/p>\n\n\n\n<p class=\"has-text-align-center has-white-color has-text-color has-link-color wp-elements-80e5fee10cd473e0ad3bf72310a73611\" style=\"font-size:25px\">  <strong>Reconna\u00eetre accueillir<\/strong> et <strong>valider<\/strong><\/p>\n\n\n\n<p class=\"has-text-align-center has-white-color has-text-color has-link-color wp-elements-e4514bf4f5fe1125f8650ecb6b94eccc\" style=\"font-size:25px\">  Chacun est une <strong>ressource<\/strong> pour l\u2019autre<\/p>\n\n\n\n<p class=\"has-text-align-center has-white-color has-text-color has-link-color wp-elements-5c488d1f29355e5b24817819f88d1d56\" style=\"font-size:25px\">  Permettre \u00e0 chacun de <strong>trouver sa place<\/strong> dans le <strong>collectif<\/strong><\/p>\n\n\n\n<p class=\"has-text-align-center has-orange-color has-text-color has-link-color wp-elements-a705ae3122edc46dc34c478893564314\" style=\"font-size:34px\"><strong>QU&rsquo;ALLONS-NOUS VIVRE DANS CETTE JOURN\u00c9E ?<\/strong><\/p>\n\n\n\n<p class=\"has-text-align-center has-white-color has-text-color has-link-color wp-elements-3136da21c9cd6d14fc281cc781a8ee2f\" style=\"font-size:25px\">  Tour de table des <strong>attentes <\/strong>et de l\u2019<strong>\u00e9tat<\/strong> de chacun.e,<\/p>\n\n\n\n<p class=\"has-text-align-center has-white-color has-text-color has-link-color wp-elements-7db8f7cda566f3a76106adda90a37047\" style=\"font-size:25px\">  Apport <strong>th\u00e9orique<\/strong> l\u00e9ger,<\/p>\n\n\n\n<p class=\"has-text-align-center has-white-color has-text-color has-link-color wp-elements-301359948f2c51481b33dbefad79d85a\" style=\"font-size:25px\"> <strong> Cadre<\/strong> de r\u00e9f\u00e9rence<\/p>\n\n\n\n<p class=\"has-text-align-center has-white-color has-text-color has-link-color wp-elements-4536a1483264d8c4c277dbcfb4941f03\" style=\"font-size:25px\">  <strong>Cl\u00e9s<\/strong>, mots cl\u00e9s phrases cl\u00e9s pour entrer dans la posture<\/p>\n\n\n\n<p class=\"has-text-align-center has-white-color has-text-color has-link-color wp-elements-b4ede4f623874a05e5e6692a0886dcde\" style=\"font-size:25px\">   Exercices en <strong>bin\u00f4mes<\/strong> et en <strong>groupe,<\/strong><\/p>\n\n\n\n<p class=\"has-text-align-center has-white-color has-text-color has-link-color wp-elements-a5f92a667b95cb44b5b63632dc05ed84\" style=\"font-size:25px\">   Mises en situations, <strong>travail pratique<\/strong> autour d\u2019une de vos situations\u2026bilan<\/p>\n\n\n\n<p class=\"has-text-align-center has-orange-color has-text-color has-link-color wp-elements-e7bb41ac5e5086c155b87953c35fc87c\" style=\"font-size:34px\"><strong>POUR QUI ?<\/strong><\/p>\n\n\n\n<p class=\"has-text-align-center has-white-color has-text-color has-link-color wp-elements-0680bf4f008648219978573dcc2b522f\" style=\"font-size:25px\">   La<strong> Ma\u00efeusth\u00e9sie <\/strong>n\u2019est pas une technique ni un outil, c\u2019est une <strong>mani\u00e8re d\u2019\u00eatre<\/strong> qui est pertinente dans toutes les <strong>interactions<\/strong> humaines.<\/p>\n\n\n\n<p class=\"has-text-align-center has-white-color has-text-color has-link-color wp-elements-248abc1d443e3ebe571deaa3e1325e47\" style=\"font-size:25px\">  Quel que soit le domaine qui vous concerne, professionnel, familial, amoureux,<\/p>\n\n\n\n<p class=\"has-text-align-center has-white-color has-text-color has-link-color wp-elements-5032d747ee95b6b77bde7d103f34c49f\" style=\"font-size:25px\">  personnel, l\u2019approche de la Ma\u00efeusth\u00e9sie peut<strong> vous \u00e9clairer<\/strong>.<\/p>\n\n\n\n<p class=\"has-text-align-center has-white-color has-text-color has-link-color wp-elements-eaade64fdf92913ddce3573ea638f576\" style=\"font-size:34px\"><strong>Tout est l\u00e0 en vous !<\/strong><\/p>\n\n\n\n<p class=\"has-text-align-center has-orange-color has-text-color has-link-color wp-elements-71e29ab6d8856714d0ec05cf6e35f401\" style=\"font-size:34px\"><strong>TARIF :<\/strong><\/p>\n\n\n\n<p class=\"has-text-align-center has-white-color has-text-color has-link-color wp-elements-514acaa1c9d099739838b29e81b8a7b9\" style=\"font-size:25px\">Libre<\/p>\n\n\n\n<p class=\"has-text-align-center has-white-color has-text-color has-link-color wp-elements-4da7cd18a93a3e52321dd662de232fe0\" style=\"font-size:25px\">9h-12h repas partag\u00e9 14h-17h (il y a de quoi cuisiner, r\u00e9chauffer sur place)<\/p>\n\n\n\n<p class=\"has-orange-color has-text-color has-link-color wp-elements-58e96c14326f863463195147aa71423f\" style=\"font-size:34px\"><strong>ANIMATRICE :<\/strong><\/p>\n\n\n\n<p class=\"has-text-align-center has-white-color has-text-color has-link-color wp-elements-12492324fb24960aabf379c589fac01e\" style=\"font-size:25px\">Annabella Lef\u00e8vre Praticienne certifi\u00e9e en Ma\u00efeusth\u00e9sie, coorganisatrice de formations<\/p>\n\n\n\n<p class=\"has-text-align-center has-orange-color has-text-color has-link-color wp-elements-cc3cddc9d6dc045dc40efa801d9200d7\" style=\"font-size:34px\"><strong>LE LIEU LA DATE<\/strong><\/p>\n\n\n\n<p class=\"has-white-color has-text-color has-link-color wp-elements-127dffe7837cbc4ee0fd36529928abbe\" style=\"font-size:25px\">Indiqu\u00e9s dans l<a href=\"https:\/\/annabella.la\/?page_id=242\">&lsquo;<\/a><strong><a href=\"https:\/\/annabella.la\/?page_id=429\">agenda<\/a><\/strong><\/p>\n\n\n\n<p class=\"has-white-color has-text-color has-link-color wp-elements-5bf3464297a5053fd73245a769eaae6f\" style=\"font-size:25px\">Au plaisir de partager !<\/p>\n\n\n\n<p class=\"has-white-color has-text-color has-link-color wp-elements-22a45220139923960006a39137c35376\" style=\"font-size:25px\">Annabella https:\/\/annabella.la\/<\/p>\n<\/div><\/div>\n\n<\/div><\/div>\n\n\n<h2 class=\"wp-block-heading has-text-align-center has-green-color has-text-color has-link-color wp-elements-c96514f39ea4611072de44006f257920\"><a href=\"https:\/\/a392f7c1.sibforms.com\/serve\/MUIFANFhvdfpiGqwguKLiIbK0M4Br2gNygyOMtYoCDx29iA3p9u1jkTJZtE-dMoE-3Z3CWOTWFxw4-fHqfI4p8V1NUZO8uNFvhaoMLWjM5TGj6G2kLJEjcvf0_oDxRtw9mbC8uYXtGz7VQvmRqopE_6cyOaIMT_J7T1SCTQav1as2c_HXoR72mqyTI3pS_fw3d9wLrhhqFoAI8lf\" target=\"_blank\" rel=\"noreferrer noopener\">Inscris-toi \u00e0 mon Infolettre<\/a> !<\/h2>\n\n\n\n<h2 class=\"wp-block-heading has-text-align-center has-green-color has-text-color has-link-color wp-elements-af0f3d08999493828dc53874983d52f7\"><a href=\"https:\/\/zcal.co\/annabellazcal\/60min\">Prends rendez-vous<\/a> !<\/h2>\n","protected":false},"excerpt":{"rendered":"<p>Apprendre \u00e0 me respecter tout en respectant l\u2019Autre POURQUOI PARTICIPER \u00c0 CETTE JOURNEE? Reprendre la ma\u00eetrise de ma communication, retrouver de la fluidit\u00e9 dans toutes mes relations Apprendre \u00e0 me respecter tout en respectant l\u2019Autre Faire aboutir mes projets en int\u00e9grant mon entourage Savoir cr\u00e9er des situations gagnant gagnant COMMENT? Acqu\u00e9rir la posture juste Reconna\u00eetre [&hellip;]<\/p>\n","protected":false},"author":1,"featured_media":0,"parent":401,"menu_order":0,"comment_status":"closed","ping_status":"closed","template":"","meta":{"footnotes":""},"class_list":["post-184","page","type-page","status-publish","hentry"],"yoast_head":"<!-- This site is optimized with the Yoast SEO plugin v27.5 - https:\/\/yoast.com\/product\/yoast-seo-wordpress\/ -->\n<title>Journ\u00e9e d&#039;initiation \u00e0 la Ma\u00efeusth\u00e9sie - Annabella<\/title>\n<meta name=\"robots\" content=\"index, follow, max-snippet:-1, max-image-preview:large, max-video-preview:-1\" \/>\n<link rel=\"canonical\" href=\"https:\/\/annabella.la\/?page_id=184\" \/>\n<meta property=\"og:locale\" content=\"fr_FR\" \/>\n<meta property=\"og:type\" content=\"article\" \/>\n<meta property=\"og:title\" content=\"Journ\u00e9e d&#039;initiation \u00e0 la Ma\u00efeusth\u00e9sie - Annabella\" \/>\n<meta property=\"og:description\" content=\"Apprendre \u00e0 me respecter tout en respectant l\u2019Autre POURQUOI PARTICIPER \u00c0 CETTE JOURNEE? Reprendre la ma\u00eetrise de ma communication, retrouver de la fluidit\u00e9 dans toutes mes relations Apprendre \u00e0 me respecter tout en respectant l\u2019Autre Faire aboutir mes projets en int\u00e9grant mon entourage Savoir cr\u00e9er des situations gagnant gagnant COMMENT? Acqu\u00e9rir la posture juste Reconna\u00eetre [&hellip;]\" \/>\n<meta property=\"og:url\" content=\"https:\/\/annabella.la\/?page_id=184\" \/>\n<meta property=\"og:site_name\" content=\"Annabella\" \/>\n<meta property=\"article:modified_time\" content=\"2025-11-05T19:00:46+00:00\" \/>\n<meta name=\"twitter:card\" content=\"summary_large_image\" \/>\n<meta name=\"twitter:label1\" content=\"Dur\u00e9e de lecture estim\u00e9e\" \/>\n\t<meta name=\"twitter:data1\" content=\"2 minutes\" \/>\n<script type=\"application\/ld+json\" class=\"yoast-schema-graph\">{\"@context\":\"https:\\\/\\\/schema.org\",\"@graph\":[{\"@type\":\"WebPage\",\"@id\":\"https:\\\/\\\/annabella.la\\\/?page_id=184\",\"url\":\"https:\\\/\\\/annabella.la\\\/?page_id=184\",\"name\":\"Journ\u00e9e d'initiation \u00e0 la Ma\u00efeusth\u00e9sie - Annabella\",\"isPartOf\":{\"@id\":\"https:\\\/\\\/annabella.la\\\/#website\"},\"datePublished\":\"2024-02-25T11:55:36+00:00\",\"dateModified\":\"2025-11-05T19:00:46+00:00\",\"breadcrumb\":{\"@id\":\"https:\\\/\\\/annabella.la\\\/?page_id=184#breadcrumb\"},\"inLanguage\":\"fr-FR\",\"potentialAction\":[{\"@type\":\"ReadAction\",\"target\":[\"https:\\\/\\\/annabella.la\\\/?page_id=184\"]}]},{\"@type\":\"BreadcrumbList\",\"@id\":\"https:\\\/\\\/annabella.la\\\/?page_id=184#breadcrumb\",\"itemListElement\":[{\"@type\":\"ListItem\",\"position\":1,\"name\":\"Accueil\",\"item\":\"https:\\\/\\\/annabella.la\\\/\"},{\"@type\":\"ListItem\",\"position\":2,\"name\":\"Les Propositions d&rsquo;Annabella\",\"item\":\"https:\\\/\\\/annabella.la\\\/?page_id=401\"},{\"@type\":\"ListItem\",\"position\":3,\"name\":\"Journ\u00e9e d&rsquo;initiation \u00e0 la Ma\u00efeusth\u00e9sie\"}]},{\"@type\":\"WebSite\",\"@id\":\"https:\\\/\\\/annabella.la\\\/#website\",\"url\":\"https:\\\/\\\/annabella.la\\\/\",\"name\":\"Annabella\",\"description\":\"l&#039;Art d&#039;accueillir ce qui est\",\"publisher\":{\"@id\":\"https:\\\/\\\/annabella.la\\\/#organization\"},\"potentialAction\":[{\"@type\":\"SearchAction\",\"target\":{\"@type\":\"EntryPoint\",\"urlTemplate\":\"https:\\\/\\\/annabella.la\\\/?s={search_term_string}\"},\"query-input\":{\"@type\":\"PropertyValueSpecification\",\"valueRequired\":true,\"valueName\":\"search_term_string\"}}],\"inLanguage\":\"fr-FR\"},{\"@type\":\"Organization\",\"@id\":\"https:\\\/\\\/annabella.la\\\/#organization\",\"name\":\"Annabella\",\"url\":\"https:\\\/\\\/annabella.la\\\/\",\"logo\":{\"@type\":\"ImageObject\",\"inLanguage\":\"fr-FR\",\"@id\":\"https:\\\/\\\/annabella.la\\\/#\\\/schema\\\/logo\\\/image\\\/\",\"url\":\"https:\\\/\\\/annabella.la\\\/wp-content\\\/uploads\\\/2024\\\/02\\\/Cyclamens-modified.png\",\"contentUrl\":\"https:\\\/\\\/annabella.la\\\/wp-content\\\/uploads\\\/2024\\\/02\\\/Cyclamens-modified.png\",\"width\":1984,\"height\":1984,\"caption\":\"Annabella\"},\"image\":{\"@id\":\"https:\\\/\\\/annabella.la\\\/#\\\/schema\\\/logo\\\/image\\\/\"}}]}<\/script>\n<!-- \/ Yoast SEO plugin. -->","yoast_head_json":{"title":"Journ\u00e9e d'initiation \u00e0 la Ma\u00efeusth\u00e9sie - Annabella","robots":{"index":"index","follow":"follow","max-snippet":"max-snippet:-1","max-image-preview":"max-image-preview:large","max-video-preview":"max-video-preview:-1"},"canonical":"https:\/\/annabella.la\/?page_id=184","og_locale":"fr_FR","og_type":"article","og_title":"Journ\u00e9e d'initiation \u00e0 la Ma\u00efeusth\u00e9sie - Annabella","og_description":"Apprendre \u00e0 me respecter tout en respectant l\u2019Autre POURQUOI PARTICIPER \u00c0 CETTE JOURNEE? Reprendre la ma\u00eetrise de ma communication, retrouver de la fluidit\u00e9 dans toutes mes relations Apprendre \u00e0 me respecter tout en respectant l\u2019Autre Faire aboutir mes projets en int\u00e9grant mon entourage Savoir cr\u00e9er des situations gagnant gagnant COMMENT? Acqu\u00e9rir la posture juste Reconna\u00eetre [&hellip;]","og_url":"https:\/\/annabella.la\/?page_id=184","og_site_name":"Annabella","article_modified_time":"2025-11-05T19:00:46+00:00","twitter_card":"summary_large_image","twitter_misc":{"Dur\u00e9e de lecture estim\u00e9e":"2 minutes"},"schema":{"@context":"https:\/\/schema.org","@graph":[{"@type":"WebPage","@id":"https:\/\/annabella.la\/?page_id=184","url":"https:\/\/annabella.la\/?page_id=184","name":"Journ\u00e9e d'initiation \u00e0 la Ma\u00efeusth\u00e9sie - Annabella","isPartOf":{"@id":"https:\/\/annabella.la\/#website"},"datePublished":"2024-02-25T11:55:36+00:00","dateModified":"2025-11-05T19:00:46+00:00","breadcrumb":{"@id":"https:\/\/annabella.la\/?page_id=184#breadcrumb"},"inLanguage":"fr-FR","potentialAction":[{"@type":"ReadAction","target":["https:\/\/annabella.la\/?page_id=184"]}]},{"@type":"BreadcrumbList","@id":"https:\/\/annabella.la\/?page_id=184#breadcrumb","itemListElement":[{"@type":"ListItem","position":1,"name":"Accueil","item":"https:\/\/annabella.la\/"},{"@type":"ListItem","position":2,"name":"Les Propositions d&rsquo;Annabella","item":"https:\/\/annabella.la\/?page_id=401"},{"@type":"ListItem","position":3,"name":"Journ\u00e9e d&rsquo;initiation \u00e0 la Ma\u00efeusth\u00e9sie"}]},{"@type":"WebSite","@id":"https:\/\/annabella.la\/#website","url":"https:\/\/annabella.la\/","name":"Annabella","description":"l&#039;Art d&#039;accueillir ce qui est","publisher":{"@id":"https:\/\/annabella.la\/#organization"},"potentialAction":[{"@type":"SearchAction","target":{"@type":"EntryPoint","urlTemplate":"https:\/\/annabella.la\/?s={search_term_string}"},"query-input":{"@type":"PropertyValueSpecification","valueRequired":true,"valueName":"search_term_string"}}],"inLanguage":"fr-FR"},{"@type":"Organization","@id":"https:\/\/annabella.la\/#organization","name":"Annabella","url":"https:\/\/annabella.la\/","logo":{"@type":"ImageObject","inLanguage":"fr-FR","@id":"https:\/\/annabella.la\/#\/schema\/logo\/image\/","url":"https:\/\/annabella.la\/wp-content\/uploads\/2024\/02\/Cyclamens-modified.png","contentUrl":"https:\/\/annabella.la\/wp-content\/uploads\/2024\/02\/Cyclamens-modified.png","width":1984,"height":1984,"caption":"Annabella"},"image":{"@id":"https:\/\/annabella.la\/#\/schema\/logo\/image\/"}}]}},"_links":{"self":[{"href":"https:\/\/annabella.la\/index.php?rest_route=\/wp\/v2\/pages\/184","targetHints":{"allow":["GET"]}}],"collection":[{"href":"https:\/\/annabella.la\/index.php?rest_route=\/wp\/v2\/pages"}],"about":[{"href":"https:\/\/annabella.la\/index.php?rest_route=\/wp\/v2\/types\/page"}],"author":[{"embeddable":true,"href":"https:\/\/annabella.la\/index.php?rest_route=\/wp\/v2\/users\/1"}],"replies":[{"embeddable":true,"href":"https:\/\/annabella.la\/index.php?rest_route=%2Fwp%2Fv2%2Fcomments&post=184"}],"version-history":[{"count":17,"href":"https:\/\/annabella.la\/index.php?rest_route=\/wp\/v2\/pages\/184\/revisions"}],"predecessor-version":[{"id":662,"href":"https:\/\/annabella.la\/index.php?rest_route=\/wp\/v2\/pages\/184\/revisions\/662"}],"up":[{"embeddable":true,"href":"https:\/\/annabella.la\/index.php?rest_route=\/wp\/v2\/pages\/401"}],"wp:attachment":[{"href":"https:\/\/annabella.la\/index.php?rest_route=%2Fwp%2Fv2%2Fmedia&parent=184"}],"curies":[{"name":"wp","href":"https:\/\/api.w.org\/{rel}","templated":true}]}}