{"id":296,"date":"2024-03-08T13:43:50","date_gmt":"2024-03-08T12:43:50","guid":{"rendered":"https:\/\/annabella.la\/?page_id=296"},"modified":"2025-11-05T19:45:34","modified_gmt":"2025-11-05T18:45:34","slug":"accueillir-ecouter-accompagner-copy-4","status":"publish","type":"page","link":"https:\/\/annabella.la\/?page_id=296","title":{"rendered":"Qui suis-je ?"},"content":{"rendered":"<style>.kb-row-layout-id296_b64db4-00 > .kt-row-column-wrap{align-content:start;}:where(.kb-row-layout-id296_b64db4-00 > .kt-row-column-wrap) > .wp-block-kadence-column{justify-content:start;}.kb-row-layout-id296_b64db4-00 > .kt-row-column-wrap{column-gap:var(--global-kb-gap-md, 2rem);row-gap:var(--global-kb-gap-md, 2rem);max-width:640px;padding-top:var(--global-kb-spacing-sm, 1.5rem);padding-bottom:var(--global-kb-spacing-sm, 1.5rem);grid-template-columns:minmax(0, 1fr);}.kb-row-layout-id296_b64db4-00{border-top-left-radius:20px;border-top-right-radius:20px;border-bottom-right-radius:20px;border-bottom-left-radius:20px;overflow:clip;isolation:isolate;}.kb-row-layout-id296_b64db4-00 > .kt-row-layout-overlay{border-top-left-radius:20px;border-top-right-radius:20px;border-bottom-right-radius:20px;border-bottom-left-radius:20px;}.kb-row-layout-id296_b64db4-00{border-top:5px solid #568c11;border-right:5px solid #568c11;border-bottom:5px solid #568c11;border-left:5px solid #568c11;}.kb-row-layout-id296_b64db4-00{background-image:url('https:\/\/annabella.la\/wp-content\/uploads\/2024\/01\/cropped-cropped-Cyclamens-scaled-2-e1707053038755.jpg');background-size:cover;background-position:center center;background-attachment:scroll;background-repeat:no-repeat;}.kb-row-layout-id296_b64db4-00 > .kt-row-layout-overlay{opacity:0.30;}@media all and (max-width: 1024px){.kb-row-layout-id296_b64db4-00 > .kt-row-column-wrap{grid-template-columns:minmax(0, 1fr);}}@media all and (max-width: 1024px){.kb-row-layout-id296_b64db4-00{border-top:5px solid #568c11;border-right:5px solid #568c11;border-bottom:5px solid #568c11;border-left:5px solid #568c11;}}@media all and (max-width: 767px){.kb-row-layout-id296_b64db4-00 > .kt-row-column-wrap{grid-template-columns:minmax(0, 1fr);}.kb-row-layout-id296_b64db4-00{border-top:5px solid #568c11;border-right:5px solid #568c11;border-bottom:5px solid #568c11;border-left:5px solid #568c11;}}<\/style><div class=\"kb-row-layout-wrap kb-row-layout-id296_b64db4-00 aligncenter kt-row-has-bg wp-block-kadence-rowlayout\"><div class=\"kt-row-column-wrap kt-has-1-columns kt-row-layout-equal kt-tab-layout-inherit kt-mobile-layout-row kt-row-valign-top kb-theme-content-width\">\n<style>.kadence-column296_ac5b5b-45 > .kt-inside-inner-col,.kadence-column296_ac5b5b-45 > .kt-inside-inner-col:before{border-top-left-radius:20px;border-top-right-radius:20px;border-bottom-right-radius:20px;border-bottom-left-radius:20px;}.kadence-column296_ac5b5b-45 > .kt-inside-inner-col{column-gap:var(--global-kb-gap-sm, 1rem);}.kadence-column296_ac5b5b-45 > .kt-inside-inner-col{flex-direction:column;}.kadence-column296_ac5b5b-45 > .kt-inside-inner-col > .aligncenter{width:100%;}.kadence-column296_ac5b5b-45 > .kt-inside-inner-col{background-color:rgba(86, 140, 17, 0);}.kadence-column296_ac5b5b-45 > .kt-inside-inner-col:before{opacity:0.3;}.kadence-column296_ac5b5b-45{text-align:center;}.kadence-column296_ac5b5b-45{position:relative;}@media all and (max-width: 1024px){.kadence-column296_ac5b5b-45 > .kt-inside-inner-col{flex-direction:column;justify-content:center;}}@media all and (max-width: 767px){.kadence-column296_ac5b5b-45 > .kt-inside-inner-col{flex-direction:column;justify-content:center;}}<\/style>\n<div class=\"wp-block-kadence-column kadence-column296_ac5b5b-45\"><div class=\"kt-inside-inner-col\"><style>.wp-block-kadence-column.kb-section-dir-horizontal > .kt-inside-inner-col > .kt-info-box296_fa2d8a-98 .kt-blocks-info-box-link-wrap{max-width:unset;}.kt-info-box296_fa2d8a-98 .kt-blocks-info-box-link-wrap{border-top:2px solid #f6a9f8;border-right:2px solid #f6a9f8;border-bottom:2px solid #f6a9f8;border-left:2px solid #f6a9f8;border-top-left-radius:20px;border-top-right-radius:20px;border-bottom-right-radius:20px;border-bottom-left-radius:20px;background:rgba(255,255,255,0.91);padding-top:var(--global-kb-spacing-sm, 1.5rem);padding-right:var(--global-kb-spacing-sm, 1.5rem);padding-bottom:var(--global-kb-spacing-sm, 1.5rem);padding-left:var(--global-kb-spacing-sm, 1.5rem);margin-top:50px;}.kt-info-box296_fa2d8a-98.wp-block-kadence-infobox{max-width:100%;}.kt-info-box296_fa2d8a-98 .kadence-info-box-image-inner-intrisic-container{max-width:100px;}.kt-info-box296_fa2d8a-98 .kadence-info-box-image-inner-intrisic-container .kadence-info-box-image-intrisic{padding-bottom:100%;width:150px;height:0px;max-width:100%;}.kt-info-box296_fa2d8a-98 .kadence-info-box-icon-container .kt-info-svg-icon, .kt-info-box296_fa2d8a-98 .kt-info-svg-icon-flip, .kt-info-box296_fa2d8a-98 .kt-blocks-info-box-number{font-size:50px;}.kt-info-box296_fa2d8a-98 .kt-blocks-info-box-media{background:#ffffff;border-color:#f6a9f8;border-radius:200px;overflow:hidden;border-top-width:2px;border-right-width:2px;border-bottom-width:2px;border-left-width:2px;padding-top:0px;padding-right:0px;padding-bottom:0px;padding-left:0px;}.kt-info-box296_fa2d8a-98 .kt-blocks-info-box-media-container{margin-top:-75px;margin-right:0px;margin-bottom:20px;margin-left:0px;}.kt-info-box296_fa2d8a-98 .kt-infobox-textcontent h2.kt-blocks-info-box-title{color:#203306;padding-top:0px;padding-right:0px;padding-bottom:0px;padding-left:0px;margin-top:5px;margin-right:0px;margin-bottom:10px;margin-left:0px;}.kt-info-box296_fa2d8a-98 .kt-infobox-textcontent .kt-blocks-info-box-text{color:#2c4d07;}.wp-block-kadence-infobox.kt-info-box296_fa2d8a-98 .kt-blocks-info-box-text{font-size:var(--global-kb-font-size-md, 1.25rem);}.kt-info-box296_fa2d8a-98 .kt-blocks-info-box-learnmore{background:transparent;border-width:0px 0px 0px 0px;padding-top:4px;padding-right:8px;padding-bottom:4px;padding-left:8px;margin-top:10px;margin-right:0px;margin-bottom:10px;margin-left:0px;}@media all and (max-width: 1024px){.kt-info-box296_fa2d8a-98 .kt-blocks-info-box-link-wrap{border-top:2px solid #f6a9f8;border-right:2px solid #f6a9f8;border-bottom:2px solid #f6a9f8;border-left:2px solid #f6a9f8;}}@media all and (max-width: 767px){.kt-info-box296_fa2d8a-98 .kt-blocks-info-box-link-wrap{border-top:2px solid #f6a9f8;border-right:2px solid #f6a9f8;border-bottom:2px solid #f6a9f8;border-left:2px solid #f6a9f8;}.wp-block-kadence-infobox.kt-info-box296_fa2d8a-98 .kt-blocks-info-box-text{font-size:var(--global-kb-font-size-md, 1.25rem);}}<\/style>\n<div class=\"wp-block-kadence-infobox kt-info-box296_fa2d8a-98\"><span class=\"kt-blocks-info-box-link-wrap info-box-link kt-blocks-info-box-media-align-top kt-info-halign-center\"><div class=\"kt-blocks-info-box-media-container\"><div class=\"kt-blocks-info-box-media kt-info-media-animate-none\"><div class=\"kadence-info-box-image-inner-intrisic-container\"><div class=\"kadence-info-box-image-intrisic kt-info-animate-none\"><div class=\"kadence-info-box-image-inner-intrisic\"><img loading=\"lazy\" decoding=\"async\" src=\"https:\/\/annabella.la\/wp-content\/uploads\/2024\/01\/IMG_20230819_094920-scaled-e1707051611183-150x150.jpg\" alt=\"\" width=\"150\" height=\"150\" class=\"kt-info-box-image wp-image-12\" srcset=\"https:\/\/annabella.la\/wp-content\/uploads\/2024\/01\/IMG_20230819_094920-scaled-e1707051611183-150x150.jpg 150w, https:\/\/annabella.la\/wp-content\/uploads\/2024\/01\/IMG_20230819_094920-scaled-e1707051611183-300x300.jpg 300w, https:\/\/annabella.la\/wp-content\/uploads\/2024\/01\/IMG_20230819_094920-scaled-e1707051611183-360x360.jpg 360w, https:\/\/annabella.la\/wp-content\/uploads\/2024\/01\/IMG_20230819_094920-scaled-e1707051611183.jpg 750w\" sizes=\"auto, (max-width: 150px) 100vw, 150px\" \/><\/div><\/div><\/div><\/div><\/div><div class=\"kt-infobox-textcontent\"><h2 class=\"kt-blocks-info-box-title\"><strong><strong>J&rsquo;accueille, j&rsquo;\u00e9coute, j&rsquo;accompagne<\/strong><\/strong><\/h2><p class=\"kt-blocks-info-box-text\">Femme de 52 ans, sensible au <strong>vivant<\/strong>, aimant la <strong>nature<\/strong> , les animaux, rire et chanter&#8230;Je me laisse guider par la<strong> Vie<\/strong> qui m&rsquo;a offert 3 enfants, des exp\u00e9riences aupr\u00e8s des <strong>enfants<\/strong>, <strong>b\u00e9b\u00e9s<\/strong>, <strong>jeunes<\/strong> porteurs de<strong> handicaps<\/strong> et <strong>personnes \u00e2g\u00e9es<\/strong>.<br\/>La <strong>Ma\u00efeusth\u00e9sie<\/strong> est mon <strong>art d&rsquo;accompagner<\/strong>. Je le partage avec les <strong>individus<\/strong> de tous \u00e2ges et en <strong>groupe<\/strong>.<br\/>J&rsquo;accueille et j&rsquo;\u00e9coute la <strong>Vie en Vous<\/strong> !<br\/><\/p><\/div><\/span><\/div>\n<\/div><\/div>\n\n<\/div><\/div>\n\n\n<h2 class=\"wp-block-heading has-text-align-center\"><a href=\"https:\/\/a392f7c1.sibforms.com\/serve\/MUIFANFhvdfpiGqwguKLiIbK0M4Br2gNygyOMtYoCDx29iA3p9u1jkTJZtE-dMoE-3Z3CWOTWFxw4-fHqfI4p8V1NUZO8uNFvhaoMLWjM5TGj6G2kLJEjcvf0_oDxRtw9mbC8uYXtGz7VQvmRqopE_6cyOaIMT_J7T1SCTQav1as2c_HXoR72mqyTI3pS_fw3d9wLrhhqFoAI8lf\" target=\"_blank\" rel=\"noreferrer noopener\">Inscris-toi \u00e0 mon Infolettre!<\/a><\/h2>\n\n\n\n<p><\/p>\n","protected":false},"excerpt":{"rendered":"<p>Inscris-toi \u00e0 mon Infolettre!<\/p>\n","protected":false},"author":1,"featured_media":0,"parent":37,"menu_order":0,"comment_status":"closed","ping_status":"closed","template":"","meta":{"footnotes":""},"class_list":["post-296","page","type-page","status-publish","hentry"],"yoast_head":"<!-- This site is optimized with the Yoast SEO plugin v27.5 - https:\/\/yoast.com\/product\/yoast-seo-wordpress\/ -->\n<title>Qui suis-je ? - Annabella<\/title>\n<meta name=\"description\" content=\"Quelque soit votre probl\u00e9matique, la posture de la Ma\u00efeusth\u00e9sie vous apporte le soulagement d&#039;\u00eatre accueilli, reconnu, valid\u00e9 comme vous \u00eates\" \/>\n<meta name=\"robots\" content=\"index, follow, max-snippet:-1, max-image-preview:large, max-video-preview:-1\" \/>\n<link rel=\"canonical\" href=\"https:\/\/annabella.la\/?page_id=296\" \/>\n<meta property=\"og:locale\" content=\"fr_FR\" \/>\n<meta property=\"og:type\" content=\"article\" \/>\n<meta property=\"og:title\" content=\"Qui suis-je ? - Annabella\" \/>\n<meta property=\"og:description\" content=\"Quelque soit votre probl\u00e9matique, la posture de la Ma\u00efeusth\u00e9sie vous apporte le soulagement d&#039;\u00eatre accueilli, reconnu, valid\u00e9 comme vous \u00eates\" \/>\n<meta property=\"og:url\" content=\"https:\/\/annabella.la\/?page_id=296\" \/>\n<meta property=\"og:site_name\" content=\"Annabella\" \/>\n<meta property=\"article:modified_time\" content=\"2025-11-05T18:45:34+00:00\" \/>\n<meta property=\"og:image\" content=\"http:\/\/annabella.la\/wp-content\/uploads\/2024\/01\/IMG_20230819_094920-scaled-e1707051611183-150x150.jpg\" \/>\n<meta name=\"twitter:card\" content=\"summary_large_image\" \/>\n<meta name=\"twitter:label1\" content=\"Dur\u00e9e de lecture estim\u00e9e\" \/>\n\t<meta name=\"twitter:data1\" content=\"1 minute\" \/>\n<script type=\"application\/ld+json\" class=\"yoast-schema-graph\">{\"@context\":\"https:\\\/\\\/schema.org\",\"@graph\":[{\"@type\":\"WebPage\",\"@id\":\"https:\\\/\\\/annabella.la\\\/?page_id=296\",\"url\":\"https:\\\/\\\/annabella.la\\\/?page_id=296\",\"name\":\"Qui suis-je ? - Annabella\",\"isPartOf\":{\"@id\":\"https:\\\/\\\/annabella.la\\\/#website\"},\"primaryImageOfPage\":{\"@id\":\"https:\\\/\\\/annabella.la\\\/?page_id=296#primaryimage\"},\"image\":{\"@id\":\"https:\\\/\\\/annabella.la\\\/?page_id=296#primaryimage\"},\"thumbnailUrl\":\"http:\\\/\\\/annabella.la\\\/wp-content\\\/uploads\\\/2024\\\/01\\\/IMG_20230819_094920-scaled-e1707051611183-150x150.jpg\",\"datePublished\":\"2024-03-08T12:43:50+00:00\",\"dateModified\":\"2025-11-05T18:45:34+00:00\",\"description\":\"Quelque soit votre probl\u00e9matique, la posture de la Ma\u00efeusth\u00e9sie vous apporte le soulagement d'\u00eatre accueilli, reconnu, valid\u00e9 comme vous \u00eates\",\"breadcrumb\":{\"@id\":\"https:\\\/\\\/annabella.la\\\/?page_id=296#breadcrumb\"},\"inLanguage\":\"fr-FR\",\"potentialAction\":[{\"@type\":\"ReadAction\",\"target\":[\"https:\\\/\\\/annabella.la\\\/?page_id=296\"]}]},{\"@type\":\"ImageObject\",\"inLanguage\":\"fr-FR\",\"@id\":\"https:\\\/\\\/annabella.la\\\/?page_id=296#primaryimage\",\"url\":\"http:\\\/\\\/annabella.la\\\/wp-content\\\/uploads\\\/2024\\\/01\\\/IMG_20230819_094920-scaled-e1707051611183-150x150.jpg\",\"contentUrl\":\"http:\\\/\\\/annabella.la\\\/wp-content\\\/uploads\\\/2024\\\/01\\\/IMG_20230819_094920-scaled-e1707051611183-150x150.jpg\"},{\"@type\":\"BreadcrumbList\",\"@id\":\"https:\\\/\\\/annabella.la\\\/?page_id=296#breadcrumb\",\"itemListElement\":[{\"@type\":\"ListItem\",\"position\":1,\"name\":\"Accueil\",\"item\":\"https:\\\/\\\/annabella.la\\\/\"},{\"@type\":\"ListItem\",\"position\":2,\"name\":\"Annabella Lefevre\",\"item\":\"https:\\\/\\\/annabella.la\\\/\"},{\"@type\":\"ListItem\",\"position\":3,\"name\":\"Qui suis-je ?\"}]},{\"@type\":\"WebSite\",\"@id\":\"https:\\\/\\\/annabella.la\\\/#website\",\"url\":\"https:\\\/\\\/annabella.la\\\/\",\"name\":\"Annabella\",\"description\":\"l&#039;Art d&#039;accueillir ce qui est\",\"publisher\":{\"@id\":\"https:\\\/\\\/annabella.la\\\/#organization\"},\"potentialAction\":[{\"@type\":\"SearchAction\",\"target\":{\"@type\":\"EntryPoint\",\"urlTemplate\":\"https:\\\/\\\/annabella.la\\\/?s={search_term_string}\"},\"query-input\":{\"@type\":\"PropertyValueSpecification\",\"valueRequired\":true,\"valueName\":\"search_term_string\"}}],\"inLanguage\":\"fr-FR\"},{\"@type\":\"Organization\",\"@id\":\"https:\\\/\\\/annabella.la\\\/#organization\",\"name\":\"Annabella\",\"url\":\"https:\\\/\\\/annabella.la\\\/\",\"logo\":{\"@type\":\"ImageObject\",\"inLanguage\":\"fr-FR\",\"@id\":\"https:\\\/\\\/annabella.la\\\/#\\\/schema\\\/logo\\\/image\\\/\",\"url\":\"https:\\\/\\\/annabella.la\\\/wp-content\\\/uploads\\\/2024\\\/02\\\/Cyclamens-modified.png\",\"contentUrl\":\"https:\\\/\\\/annabella.la\\\/wp-content\\\/uploads\\\/2024\\\/02\\\/Cyclamens-modified.png\",\"width\":1984,\"height\":1984,\"caption\":\"Annabella\"},\"image\":{\"@id\":\"https:\\\/\\\/annabella.la\\\/#\\\/schema\\\/logo\\\/image\\\/\"}}]}<\/script>\n<!-- \/ Yoast SEO plugin. -->","yoast_head_json":{"title":"Qui suis-je ? - Annabella","description":"Quelque soit votre probl\u00e9matique, la posture de la Ma\u00efeusth\u00e9sie vous apporte le soulagement d'\u00eatre accueilli, reconnu, valid\u00e9 comme vous \u00eates","robots":{"index":"index","follow":"follow","max-snippet":"max-snippet:-1","max-image-preview":"max-image-preview:large","max-video-preview":"max-video-preview:-1"},"canonical":"https:\/\/annabella.la\/?page_id=296","og_locale":"fr_FR","og_type":"article","og_title":"Qui suis-je ? - Annabella","og_description":"Quelque soit votre probl\u00e9matique, la posture de la Ma\u00efeusth\u00e9sie vous apporte le soulagement d'\u00eatre accueilli, reconnu, valid\u00e9 comme vous \u00eates","og_url":"https:\/\/annabella.la\/?page_id=296","og_site_name":"Annabella","article_modified_time":"2025-11-05T18:45:34+00:00","og_image":[{"url":"http:\/\/annabella.la\/wp-content\/uploads\/2024\/01\/IMG_20230819_094920-scaled-e1707051611183-150x150.jpg","type":"","width":"","height":""}],"twitter_card":"summary_large_image","twitter_misc":{"Dur\u00e9e de lecture estim\u00e9e":"1 minute"},"schema":{"@context":"https:\/\/schema.org","@graph":[{"@type":"WebPage","@id":"https:\/\/annabella.la\/?page_id=296","url":"https:\/\/annabella.la\/?page_id=296","name":"Qui suis-je ? - Annabella","isPartOf":{"@id":"https:\/\/annabella.la\/#website"},"primaryImageOfPage":{"@id":"https:\/\/annabella.la\/?page_id=296#primaryimage"},"image":{"@id":"https:\/\/annabella.la\/?page_id=296#primaryimage"},"thumbnailUrl":"http:\/\/annabella.la\/wp-content\/uploads\/2024\/01\/IMG_20230819_094920-scaled-e1707051611183-150x150.jpg","datePublished":"2024-03-08T12:43:50+00:00","dateModified":"2025-11-05T18:45:34+00:00","description":"Quelque soit votre probl\u00e9matique, la posture de la Ma\u00efeusth\u00e9sie vous apporte le soulagement d'\u00eatre accueilli, reconnu, valid\u00e9 comme vous \u00eates","breadcrumb":{"@id":"https:\/\/annabella.la\/?page_id=296#breadcrumb"},"inLanguage":"fr-FR","potentialAction":[{"@type":"ReadAction","target":["https:\/\/annabella.la\/?page_id=296"]}]},{"@type":"ImageObject","inLanguage":"fr-FR","@id":"https:\/\/annabella.la\/?page_id=296#primaryimage","url":"http:\/\/annabella.la\/wp-content\/uploads\/2024\/01\/IMG_20230819_094920-scaled-e1707051611183-150x150.jpg","contentUrl":"http:\/\/annabella.la\/wp-content\/uploads\/2024\/01\/IMG_20230819_094920-scaled-e1707051611183-150x150.jpg"},{"@type":"BreadcrumbList","@id":"https:\/\/annabella.la\/?page_id=296#breadcrumb","itemListElement":[{"@type":"ListItem","position":1,"name":"Accueil","item":"https:\/\/annabella.la\/"},{"@type":"ListItem","position":2,"name":"Annabella Lefevre","item":"https:\/\/annabella.la\/"},{"@type":"ListItem","position":3,"name":"Qui suis-je ?"}]},{"@type":"WebSite","@id":"https:\/\/annabella.la\/#website","url":"https:\/\/annabella.la\/","name":"Annabella","description":"l&#039;Art d&#039;accueillir ce qui est","publisher":{"@id":"https:\/\/annabella.la\/#organization"},"potentialAction":[{"@type":"SearchAction","target":{"@type":"EntryPoint","urlTemplate":"https:\/\/annabella.la\/?s={search_term_string}"},"query-input":{"@type":"PropertyValueSpecification","valueRequired":true,"valueName":"search_term_string"}}],"inLanguage":"fr-FR"},{"@type":"Organization","@id":"https:\/\/annabella.la\/#organization","name":"Annabella","url":"https:\/\/annabella.la\/","logo":{"@type":"ImageObject","inLanguage":"fr-FR","@id":"https:\/\/annabella.la\/#\/schema\/logo\/image\/","url":"https:\/\/annabella.la\/wp-content\/uploads\/2024\/02\/Cyclamens-modified.png","contentUrl":"https:\/\/annabella.la\/wp-content\/uploads\/2024\/02\/Cyclamens-modified.png","width":1984,"height":1984,"caption":"Annabella"},"image":{"@id":"https:\/\/annabella.la\/#\/schema\/logo\/image\/"}}]}},"_links":{"self":[{"href":"https:\/\/annabella.la\/index.php?rest_route=\/wp\/v2\/pages\/296","targetHints":{"allow":["GET"]}}],"collection":[{"href":"https:\/\/annabella.la\/index.php?rest_route=\/wp\/v2\/pages"}],"about":[{"href":"https:\/\/annabella.la\/index.php?rest_route=\/wp\/v2\/types\/page"}],"author":[{"embeddable":true,"href":"https:\/\/annabella.la\/index.php?rest_route=\/wp\/v2\/users\/1"}],"replies":[{"embeddable":true,"href":"https:\/\/annabella.la\/index.php?rest_route=%2Fwp%2Fv2%2Fcomments&post=296"}],"version-history":[{"count":3,"href":"https:\/\/annabella.la\/index.php?rest_route=\/wp\/v2\/pages\/296\/revisions"}],"predecessor-version":[{"id":322,"href":"https:\/\/annabella.la\/index.php?rest_route=\/wp\/v2\/pages\/296\/revisions\/322"}],"up":[{"embeddable":true,"href":"https:\/\/annabella.la\/index.php?rest_route=\/wp\/v2\/pages\/37"}],"wp:attachment":[{"href":"https:\/\/annabella.la\/index.php?rest_route=%2Fwp%2Fv2%2Fmedia&parent=296"}],"curies":[{"name":"wp","href":"https:\/\/api.w.org\/{rel}","templated":true}]}}