{"id":342,"date":"2024-04-10T15:58:23","date_gmt":"2024-04-10T13:58:23","guid":{"rendered":"https:\/\/annabella.la\/?page_id=342"},"modified":"2025-11-05T19:37:48","modified_gmt":"2025-11-05T18:37:48","slug":"rencontres-auto-gerees-en-maieusthesie-ram","status":"publish","type":"page","link":"https:\/\/annabella.la\/?page_id=342","title":{"rendered":"Rencontres Auto g\u00e9r\u00e9es en Ma\u00efeusth\u00e9sie : RAM"},"content":{"rendered":"<style>.kb-row-layout-wrap.wp-block-kadence-rowlayout.kb-row-layout-id342_eb438a-37{margin-bottom:var(--global-kb-spacing-lg, 3rem);}.kb-row-layout-id342_eb438a-37 > .kt-row-column-wrap{align-content:start;}:where(.kb-row-layout-id342_eb438a-37 > .kt-row-column-wrap) > .wp-block-kadence-column{justify-content:start;}.kb-row-layout-id342_eb438a-37 > .kt-row-column-wrap{column-gap:var(--global-kb-gap-md, 2rem);row-gap:var(--global-kb-gap-md, 2rem);max-width:1140px;margin-left:auto;margin-right:auto;padding-top:85px;padding-bottom:0px;grid-template-columns:minmax(0, 1fr);}.kb-row-layout-id342_eb438a-37{border-top-left-radius:30px;border-top-right-radius:30px;border-bottom-right-radius:30px;border-bottom-left-radius:30px;overflow:clip;isolation:isolate;}.kb-row-layout-id342_eb438a-37 > .kt-row-layout-overlay{border-top-left-radius:30px;border-top-right-radius:30px;border-bottom-right-radius:30px;border-bottom-left-radius:30px;}.kb-row-layout-id342_eb438a-37{border-top:5px solid #506e16;border-right:5px solid #506e16;border-bottom:5px solid #506e16;border-left:5px solid #506e16;}.kb-row-layout-id342_eb438a-37{background-color:#f9f9f9;background-image:url('https:\/\/epanouir.org\/wp-content\/uploads\/2023\/08\/IMG_20230625_180941-scaled.jpg');background-size:cover;background-position:center center;background-attachment:scroll;background-repeat:no-repeat;}.kb-row-layout-id342_eb438a-37 > .kt-row-layout-overlay{opacity:0.30;}@media all and (max-width: 1024px){.kb-row-layout-id342_eb438a-37 > .kt-row-column-wrap{grid-template-columns:minmax(0, 1fr);}}@media all and (max-width: 1024px){.kb-row-layout-id342_eb438a-37{border-top:5px solid #506e16;border-right:5px solid #506e16;border-bottom:5px solid #506e16;border-left:5px solid #506e16;}}@media all and (max-width: 767px){.kb-row-layout-id342_eb438a-37 > .kt-row-column-wrap{grid-template-columns:minmax(0, 1fr);}.kb-row-layout-id342_eb438a-37{border-top:5px solid #506e16;border-right:5px solid #506e16;border-bottom:5px solid #506e16;border-left:5px solid #506e16;}}<\/style><div class=\"kb-row-layout-wrap kb-row-layout-id342_eb438a-37 alignfull kt-row-has-bg wp-block-kadence-rowlayout\"><div class=\"kt-row-column-wrap kt-has-1-columns kt-row-layout-equal kt-tab-layout-inherit kt-mobile-layout-row kt-row-valign-top\">\n<style>.kadence-column342_1a71cc-f3 > .kt-inside-inner-col{padding-bottom:var(--global-kb-spacing-lg, 3rem);}.kadence-column342_1a71cc-f3 > .kt-inside-inner-col,.kadence-column342_1a71cc-f3 > .kt-inside-inner-col:before{border-top-left-radius:0px;border-top-right-radius:0px;border-bottom-right-radius:0px;border-bottom-left-radius:0px;}.kadence-column342_1a71cc-f3 > .kt-inside-inner-col{column-gap:var(--global-kb-gap-sm, 1rem);}.kadence-column342_1a71cc-f3 > .kt-inside-inner-col{flex-direction:column;}.kadence-column342_1a71cc-f3 > .kt-inside-inner-col > .aligncenter{width:100%;}.kadence-column342_1a71cc-f3 > .kt-inside-inner-col:before{opacity:0.3;}.kadence-column342_1a71cc-f3{position:relative;}@media all and (max-width: 1024px){.kadence-column342_1a71cc-f3 > .kt-inside-inner-col{flex-direction:column;justify-content:center;}}@media all and (max-width: 767px){.kadence-column342_1a71cc-f3 > .kt-inside-inner-col{flex-direction:column;justify-content:center;}}<\/style>\n<div class=\"wp-block-kadence-column kadence-column342_1a71cc-f3 kb-section-dir-vertical inner-column-1\"><div class=\"kt-inside-inner-col\"><style>.wp-block-kadence-column.kb-section-dir-horizontal > .kt-inside-inner-col > .kt-info-box342_b00926-d5 .kt-blocks-info-box-link-wrap{max-width:unset;}.kt-info-box342_b00926-d5 .kt-blocks-info-box-link-wrap{border-top:5px solid #233008;border-right:5px solid #233008;border-bottom:5px solid #233008;border-left:5px solid #233008;border-top-left-radius:30px;border-top-right-radius:30px;border-bottom-right-radius:30px;border-bottom-left-radius:30px;background:#fff;padding-top:var(--global-kb-spacing-xs, 1rem);padding-right:var(--global-kb-spacing-xs, 1rem);padding-bottom:var(--global-kb-spacing-xs, 1rem);padding-left:var(--global-kb-spacing-xs, 1rem);}.kt-info-box342_b00926-d5 .kt-blocks-info-box-link-wrap:hover{background:#fff;}.kt-info-box342_b00926-d5.wp-block-kadence-infobox{max-width:100%;}.kt-info-box342_b00926-d5 .kadence-info-box-image-inner-intrisic-container{max-width:100px;}.kt-info-box342_b00926-d5 .kadence-info-box-image-inner-intrisic-container .kadence-info-box-image-intrisic{padding-bottom:98.2927%;width:820px;height:0px;max-width:100%;}.kt-info-box342_b00926-d5 .kadence-info-box-icon-container .kt-info-svg-icon, .kt-info-box342_b00926-d5 .kt-info-svg-icon-flip, .kt-info-box342_b00926-d5 .kt-blocks-info-box-number{font-size:50px;}.kt-info-box342_b00926-d5 .kt-blocks-info-box-media{color:#444;background:#fff;border-color:#e7b816;border-radius:200px;overflow:hidden;border-top-width:3px;border-right-width:3px;border-bottom-width:3px;border-left-width:3px;padding-top:0px;padding-right:0px;padding-bottom:0px;padding-left:0px;}.kt-info-box342_b00926-d5 .kt-blocks-info-box-media-container{margin-top:0px;margin-right:15px;margin-bottom:10px;margin-left:15px;}.kt-info-box342_b00926-d5 .kt-blocks-info-box-link-wrap:hover .kt-blocks-info-box-media{color:#000;background:#fff;border-color:#d1d1d1;}.kt-info-box342_b00926-d5 .kt-infobox-textcontent h4.kt-blocks-info-box-title{color:#000;font-size:20px;line-height:25px;font-family:Montserrat;font-style:normal;font-weight:300;padding-top:0px;padding-right:0px;padding-bottom:0px;padding-left:0px;margin-top:5px;margin-right:0px;margin-bottom:10px;margin-left:0px;}.kt-info-box342_b00926-d5 .kt-blocks-info-box-link-wrap:hover h4.kt-blocks-info-box-title{color:#000;}.kt-info-box342_b00926-d5 .kt-infobox-textcontent .kt-blocks-info-box-text{color:#233008;}.wp-block-kadence-infobox.kt-info-box342_b00926-d5 .kt-blocks-info-box-text{font-size:16px;line-height:24px;font-family:Montserrat;font-style:normal;font-weight:300;}.kt-info-box342_b00926-d5 .kt-blocks-info-box-link-wrap:hover .kt-blocks-info-box-text{color:#000;}.kt-info-box342_b00926-d5 .kt-blocks-info-box-learnmore{color:#233008;background:transparent;border-color:#444;font-family:Montserrat;font-style:normal;font-weight:300;border-width:1px 0px 0px 0px;padding-top:9px;padding-right:8px;padding-bottom:4px;padding-left:8px;margin-top:15px;margin-right:0px;margin-bottom:10px;margin-left:0px;}.kt-info-box342_b00926-d5 .kt-blocks-info-box-link-wrap:hover .kt-blocks-info-box-learnmore,.kt-info-box342_b00926-d5 .kt-blocks-info-box-link-wrap .kt-blocks-info-box-learnmore:focus{color:#000;background:#fff;border-color:#000;}@media all and (max-width: 1024px){.kt-info-box342_b00926-d5 .kt-blocks-info-box-link-wrap{border-top:5px solid #233008;border-right:5px solid #233008;border-bottom:5px solid #233008;border-left:5px solid #233008;}}@media all and (max-width: 767px){.kt-info-box342_b00926-d5 .kt-blocks-info-box-link-wrap{border-top:5px solid #233008;border-right:5px solid #233008;border-bottom:5px solid #233008;border-left:5px solid #233008;}}<\/style>\n<div class=\"wp-block-kadence-infobox kt-info-box342_b00926-d5\"><div class=\"kt-blocks-info-box-link-wrap kt-blocks-info-box-media-align-top kt-info-halign-center\"><div class=\"kt-blocks-info-box-media-container\"><div class=\"kt-blocks-info-box-media kt-info-media-animate-none\"><div class=\"kadence-info-box-image-inner-intrisic-container\"><div class=\"kadence-info-box-image-intrisic kt-info-animate-none\"><div class=\"kadence-info-box-image-inner-intrisic\"><img loading=\"lazy\" decoding=\"async\" src=\"https:\/\/annabella.la\/wp-content\/uploads\/2024\/09\/collectif-e1727295720412.jpg\" alt=\"\" width=\"820\" height=\"806\" class=\"kt-info-box-image wp-image-462\" srcset=\"https:\/\/annabella.la\/wp-content\/uploads\/2024\/09\/collectif-e1727295720412.jpg 820w, https:\/\/annabella.la\/wp-content\/uploads\/2024\/09\/collectif-e1727295720412-300x295.jpg 300w, https:\/\/annabella.la\/wp-content\/uploads\/2024\/09\/collectif-e1727295720412-768x755.jpg 768w, https:\/\/annabella.la\/wp-content\/uploads\/2024\/09\/collectif-e1727295720412-366x360.jpg 366w\" sizes=\"auto, (max-width: 820px) 100vw, 820px\" \/><\/div><\/div><\/div><\/div><\/div><div class=\"kt-infobox-textcontent\"><h4 class=\"kt-blocks-info-box-title\"><strong>RAM<\/strong><\/h4><p class=\"kt-blocks-info-box-text\">En janvier 2022, j\u2019ai v\u00e9cu une exp\u00e9rience magnifique lors d\u2019une formation <strong>Ma\u00efeusth\u00e9sie en immersion<\/strong> :<br>Je me suis r\u00e9concili\u00e9e avec la Nature Humaine.<br>Anim\u00e9e par cette connexion, j\u2019ai voulu rendre cette <strong>exp\u00e9rience accessible \u00e0 tous<\/strong> gratuitement.<br>En Mai 22<strong> j\u2019ai inaugur\u00e9<\/strong> chez moi en Normandie la toute premi\u00e8re <strong>R<\/strong>encontre <strong>A<\/strong>uto-g\u00e9r\u00e9e en <strong>M<\/strong>a\u00efeusth\u00e9sie.<br>Le principe est simple&nbsp;: <strong>partager un espace<\/strong> d\u2019accompagnements et <strong>mettre en pratique<\/strong> la Ma\u00efeusth\u00e9sie <strong>dans le quotidien<\/strong> mat\u00e9riel d\u2019un collectif. C&rsquo;est un <strong>laboratoire d&rsquo;application<\/strong> qui s&rsquo;adresse \u00e0 toute personne qui a commenc\u00e9 le cursus de formation.<br>Cette premi\u00e8re rencontre a marqu\u00e9 le point de d\u00e9part d\u2019une longue s\u00e9rie de <strong>R.A.M. <\/strong>dans plusieurs r\u00e9gions.<br>Au fil des exp\u00e9riences, une charte s&rsquo;\u00e9labore pour encadrer le champ des pratiques, la nature des participants et pr\u00e9server l\u2019esprit de la Ma\u00efeusth\u00e9sie.<br>Vous pouvez visualiser et t\u00e9l\u00e9charger la charte ci-dessous<br><\/p><\/div><\/div><\/div>\n<\/div><\/div>\n\n<\/div><\/div>\n\n\n<p><\/p>\n\n\n\n<p class=\"has-green-color has-text-color has-link-color wp-elements-d5f2d758ef2dba13876456e419ee9952\"><\/p>\n\n\n\n<div data-wp-interactive=\"core\/file\" class=\"wp-block-file\"><object data-wp-bind--hidden=\"!state.hasPdfPreview\" hidden class=\"wp-block-file__embed\" data=\"https:\/\/annabella.la\/wp-content\/uploads\/2024\/04\/Charte-des-RAM.pdf\" type=\"application\/pdf\" style=\"width:100%;height:600px\" aria-label=\"Contenu embarqu\u00e9 Charte-des-RAM.\"><\/object><a id=\"wp-block-file--media-03b880b6-5e0e-4e6d-acad-283d876f5fad\" href=\"https:\/\/annabella.la\/wp-content\/uploads\/2024\/04\/Charte-des-RAM.pdf\">Charte-des-RAM<\/a><a href=\"https:\/\/annabella.la\/wp-content\/uploads\/2024\/04\/Charte-des-RAM.pdf\" class=\"wp-block-file__button wp-element-button\" download aria-describedby=\"wp-block-file--media-03b880b6-5e0e-4e6d-acad-283d876f5fad\">T\u00e9l\u00e9charger<\/a><\/div>\n","protected":false},"excerpt":{"rendered":"","protected":false},"author":1,"featured_media":0,"parent":401,"menu_order":0,"comment_status":"closed","ping_status":"closed","template":"","meta":{"footnotes":""},"class_list":["post-342","page","type-page","status-publish","hentry"],"yoast_head":"<!-- This site is optimized with the Yoast SEO plugin v27.5 - https:\/\/yoast.com\/product\/yoast-seo-wordpress\/ -->\n<title>Rencontres Auto g\u00e9r\u00e9es en Ma\u00efeusth\u00e9sie : RAM - Annabella<\/title>\n<meta name=\"robots\" content=\"index, follow, max-snippet:-1, max-image-preview:large, max-video-preview:-1\" \/>\n<link rel=\"canonical\" href=\"https:\/\/annabella.la\/?page_id=342\" \/>\n<meta property=\"og:locale\" content=\"fr_FR\" \/>\n<meta property=\"og:type\" content=\"article\" \/>\n<meta property=\"og:title\" content=\"Rencontres Auto g\u00e9r\u00e9es en Ma\u00efeusth\u00e9sie : RAM - Annabella\" \/>\n<meta property=\"og:url\" content=\"https:\/\/annabella.la\/?page_id=342\" \/>\n<meta property=\"og:site_name\" content=\"Annabella\" \/>\n<meta property=\"article:modified_time\" content=\"2025-11-05T18:37:48+00:00\" \/>\n<meta property=\"og:image\" content=\"https:\/\/annabella.la\/wp-content\/uploads\/2024\/09\/collectif-e1727295720412.jpg\" \/>\n\t<meta property=\"og:image:width\" content=\"820\" \/>\n\t<meta property=\"og:image:height\" content=\"806\" \/>\n\t<meta property=\"og:image:type\" content=\"image\/jpeg\" \/>\n<meta name=\"twitter:card\" content=\"summary_large_image\" \/>\n<meta name=\"twitter:label1\" content=\"Dur\u00e9e de lecture estim\u00e9e\" \/>\n\t<meta name=\"twitter:data1\" content=\"1 minute\" \/>\n<script type=\"application\/ld+json\" class=\"yoast-schema-graph\">{\"@context\":\"https:\\\/\\\/schema.org\",\"@graph\":[{\"@type\":\"WebPage\",\"@id\":\"https:\\\/\\\/annabella.la\\\/?page_id=342\",\"url\":\"https:\\\/\\\/annabella.la\\\/?page_id=342\",\"name\":\"Rencontres Auto g\u00e9r\u00e9es en Ma\u00efeusth\u00e9sie : RAM - Annabella\",\"isPartOf\":{\"@id\":\"https:\\\/\\\/annabella.la\\\/#website\"},\"primaryImageOfPage\":{\"@id\":\"https:\\\/\\\/annabella.la\\\/?page_id=342#primaryimage\"},\"image\":{\"@id\":\"https:\\\/\\\/annabella.la\\\/?page_id=342#primaryimage\"},\"thumbnailUrl\":\"https:\\\/\\\/annabella.la\\\/wp-content\\\/uploads\\\/2024\\\/09\\\/collectif-e1727295720412.jpg\",\"datePublished\":\"2024-04-10T13:58:23+00:00\",\"dateModified\":\"2025-11-05T18:37:48+00:00\",\"breadcrumb\":{\"@id\":\"https:\\\/\\\/annabella.la\\\/?page_id=342#breadcrumb\"},\"inLanguage\":\"fr-FR\",\"potentialAction\":[{\"@type\":\"ReadAction\",\"target\":[\"https:\\\/\\\/annabella.la\\\/?page_id=342\"]}]},{\"@type\":\"ImageObject\",\"inLanguage\":\"fr-FR\",\"@id\":\"https:\\\/\\\/annabella.la\\\/?page_id=342#primaryimage\",\"url\":\"https:\\\/\\\/annabella.la\\\/wp-content\\\/uploads\\\/2024\\\/09\\\/collectif-e1727295720412.jpg\",\"contentUrl\":\"https:\\\/\\\/annabella.la\\\/wp-content\\\/uploads\\\/2024\\\/09\\\/collectif-e1727295720412.jpg\",\"width\":820,\"height\":806},{\"@type\":\"BreadcrumbList\",\"@id\":\"https:\\\/\\\/annabella.la\\\/?page_id=342#breadcrumb\",\"itemListElement\":[{\"@type\":\"ListItem\",\"position\":1,\"name\":\"Accueil\",\"item\":\"https:\\\/\\\/annabella.la\\\/\"},{\"@type\":\"ListItem\",\"position\":2,\"name\":\"Les Propositions d&rsquo;Annabella\",\"item\":\"https:\\\/\\\/annabella.la\\\/?page_id=401\"},{\"@type\":\"ListItem\",\"position\":3,\"name\":\"Rencontres Auto g\u00e9r\u00e9es en Ma\u00efeusth\u00e9sie : RAM\"}]},{\"@type\":\"WebSite\",\"@id\":\"https:\\\/\\\/annabella.la\\\/#website\",\"url\":\"https:\\\/\\\/annabella.la\\\/\",\"name\":\"Annabella\",\"description\":\"l&#039;Art d&#039;accueillir ce qui est\",\"publisher\":{\"@id\":\"https:\\\/\\\/annabella.la\\\/#organization\"},\"potentialAction\":[{\"@type\":\"SearchAction\",\"target\":{\"@type\":\"EntryPoint\",\"urlTemplate\":\"https:\\\/\\\/annabella.la\\\/?s={search_term_string}\"},\"query-input\":{\"@type\":\"PropertyValueSpecification\",\"valueRequired\":true,\"valueName\":\"search_term_string\"}}],\"inLanguage\":\"fr-FR\"},{\"@type\":\"Organization\",\"@id\":\"https:\\\/\\\/annabella.la\\\/#organization\",\"name\":\"Annabella\",\"url\":\"https:\\\/\\\/annabella.la\\\/\",\"logo\":{\"@type\":\"ImageObject\",\"inLanguage\":\"fr-FR\",\"@id\":\"https:\\\/\\\/annabella.la\\\/#\\\/schema\\\/logo\\\/image\\\/\",\"url\":\"https:\\\/\\\/annabella.la\\\/wp-content\\\/uploads\\\/2024\\\/02\\\/Cyclamens-modified.png\",\"contentUrl\":\"https:\\\/\\\/annabella.la\\\/wp-content\\\/uploads\\\/2024\\\/02\\\/Cyclamens-modified.png\",\"width\":1984,\"height\":1984,\"caption\":\"Annabella\"},\"image\":{\"@id\":\"https:\\\/\\\/annabella.la\\\/#\\\/schema\\\/logo\\\/image\\\/\"}}]}<\/script>\n<!-- \/ Yoast SEO plugin. -->","yoast_head_json":{"title":"Rencontres Auto g\u00e9r\u00e9es en Ma\u00efeusth\u00e9sie : RAM - Annabella","robots":{"index":"index","follow":"follow","max-snippet":"max-snippet:-1","max-image-preview":"max-image-preview:large","max-video-preview":"max-video-preview:-1"},"canonical":"https:\/\/annabella.la\/?page_id=342","og_locale":"fr_FR","og_type":"article","og_title":"Rencontres Auto g\u00e9r\u00e9es en Ma\u00efeusth\u00e9sie : RAM - Annabella","og_url":"https:\/\/annabella.la\/?page_id=342","og_site_name":"Annabella","article_modified_time":"2025-11-05T18:37:48+00:00","og_image":[{"width":820,"height":806,"url":"https:\/\/annabella.la\/wp-content\/uploads\/2024\/09\/collectif-e1727295720412.jpg","type":"image\/jpeg"}],"twitter_card":"summary_large_image","twitter_misc":{"Dur\u00e9e de lecture estim\u00e9e":"1 minute"},"schema":{"@context":"https:\/\/schema.org","@graph":[{"@type":"WebPage","@id":"https:\/\/annabella.la\/?page_id=342","url":"https:\/\/annabella.la\/?page_id=342","name":"Rencontres Auto g\u00e9r\u00e9es en Ma\u00efeusth\u00e9sie : RAM - Annabella","isPartOf":{"@id":"https:\/\/annabella.la\/#website"},"primaryImageOfPage":{"@id":"https:\/\/annabella.la\/?page_id=342#primaryimage"},"image":{"@id":"https:\/\/annabella.la\/?page_id=342#primaryimage"},"thumbnailUrl":"https:\/\/annabella.la\/wp-content\/uploads\/2024\/09\/collectif-e1727295720412.jpg","datePublished":"2024-04-10T13:58:23+00:00","dateModified":"2025-11-05T18:37:48+00:00","breadcrumb":{"@id":"https:\/\/annabella.la\/?page_id=342#breadcrumb"},"inLanguage":"fr-FR","potentialAction":[{"@type":"ReadAction","target":["https:\/\/annabella.la\/?page_id=342"]}]},{"@type":"ImageObject","inLanguage":"fr-FR","@id":"https:\/\/annabella.la\/?page_id=342#primaryimage","url":"https:\/\/annabella.la\/wp-content\/uploads\/2024\/09\/collectif-e1727295720412.jpg","contentUrl":"https:\/\/annabella.la\/wp-content\/uploads\/2024\/09\/collectif-e1727295720412.jpg","width":820,"height":806},{"@type":"BreadcrumbList","@id":"https:\/\/annabella.la\/?page_id=342#breadcrumb","itemListElement":[{"@type":"ListItem","position":1,"name":"Accueil","item":"https:\/\/annabella.la\/"},{"@type":"ListItem","position":2,"name":"Les Propositions d&rsquo;Annabella","item":"https:\/\/annabella.la\/?page_id=401"},{"@type":"ListItem","position":3,"name":"Rencontres Auto g\u00e9r\u00e9es en Ma\u00efeusth\u00e9sie : RAM"}]},{"@type":"WebSite","@id":"https:\/\/annabella.la\/#website","url":"https:\/\/annabella.la\/","name":"Annabella","description":"l&#039;Art d&#039;accueillir ce qui est","publisher":{"@id":"https:\/\/annabella.la\/#organization"},"potentialAction":[{"@type":"SearchAction","target":{"@type":"EntryPoint","urlTemplate":"https:\/\/annabella.la\/?s={search_term_string}"},"query-input":{"@type":"PropertyValueSpecification","valueRequired":true,"valueName":"search_term_string"}}],"inLanguage":"fr-FR"},{"@type":"Organization","@id":"https:\/\/annabella.la\/#organization","name":"Annabella","url":"https:\/\/annabella.la\/","logo":{"@type":"ImageObject","inLanguage":"fr-FR","@id":"https:\/\/annabella.la\/#\/schema\/logo\/image\/","url":"https:\/\/annabella.la\/wp-content\/uploads\/2024\/02\/Cyclamens-modified.png","contentUrl":"https:\/\/annabella.la\/wp-content\/uploads\/2024\/02\/Cyclamens-modified.png","width":1984,"height":1984,"caption":"Annabella"},"image":{"@id":"https:\/\/annabella.la\/#\/schema\/logo\/image\/"}}]}},"_links":{"self":[{"href":"https:\/\/annabella.la\/index.php?rest_route=\/wp\/v2\/pages\/342","targetHints":{"allow":["GET"]}}],"collection":[{"href":"https:\/\/annabella.la\/index.php?rest_route=\/wp\/v2\/pages"}],"about":[{"href":"https:\/\/annabella.la\/index.php?rest_route=\/wp\/v2\/types\/page"}],"author":[{"embeddable":true,"href":"https:\/\/annabella.la\/index.php?rest_route=\/wp\/v2\/users\/1"}],"replies":[{"embeddable":true,"href":"https:\/\/annabella.la\/index.php?rest_route=%2Fwp%2Fv2%2Fcomments&post=342"}],"version-history":[{"count":5,"href":"https:\/\/annabella.la\/index.php?rest_route=\/wp\/v2\/pages\/342\/revisions"}],"predecessor-version":[{"id":464,"href":"https:\/\/annabella.la\/index.php?rest_route=\/wp\/v2\/pages\/342\/revisions\/464"}],"up":[{"embeddable":true,"href":"https:\/\/annabella.la\/index.php?rest_route=\/wp\/v2\/pages\/401"}],"wp:attachment":[{"href":"https:\/\/annabella.la\/index.php?rest_route=%2Fwp%2Fv2%2Fmedia&parent=342"}],"curies":[{"name":"wp","href":"https:\/\/api.w.org\/{rel}","templated":true}]}}