{"id":401,"date":"2024-06-06T14:04:26","date_gmt":"2024-06-06T12:04:26","guid":{"rendered":"https:\/\/annabella.la\/?page_id=401"},"modified":"2025-11-05T19:44:29","modified_gmt":"2025-11-05T18:44:29","slug":"les-evenements-dannabella","status":"publish","type":"page","link":"https:\/\/annabella.la\/?page_id=401","title":{"rendered":"Les Propositions d&rsquo;Annabella"},"content":{"rendered":"\n<p><a href=\"https:\/\/annabella.la\/?page_id=459\">Constellations en Ma\u00efeusth\u00e9sie<\/a><\/p>\n\n\n\n<p><a href=\"https:\/\/annabella.la\/?page_id=184\">Journ\u00e9e d&rsquo;initiation \u00e0 la Ma\u00efeusth\u00e9sie<\/a><\/p>\n\n\n\n<p><a href=\"https:\/\/annabella.la\/?page_id=265\">Formation Ma\u00efeusth\u00e9sie niveau 1<\/a><\/p>\n\n\n\n<p class=\"has-text-align-left has-green-color has-text-color has-link-color wp-elements-93a6f31a9d201d8654c09bba7723f9f6\"><a href=\"https:\/\/annabella.la\/?page_id=618\">Formation Ma\u00efeusth\u00e9sie niveau 2 <\/a><\/p>\n\n\n\n<p><a href=\"https:\/\/annabella.la\/?page_id=546\">Journ\u00e9e de mise en oeuvre<\/a><\/p>\n\n\n\n<p class=\"has-green-color has-text-color has-link-color wp-elements-a0eaaadf74e423543dfe69c3a78373bc\"><a href=\"https:\/\/annabella.la\/?page_id=189\">Le couple : quand l&rsquo;Autre est un chemin vers soi<\/a> : Formule 5 jours<\/p>\n\n\n\n<p><a href=\"https:\/\/annabella.la\/?page_id=379\">Le couple : quand l&rsquo;Autre est un chemin vers soi <\/a>: Formule 3 Week-Ends<\/p>\n\n\n\n<p><a href=\"https:\/\/annabella.la\/?page_id=361\">Le prix en conscience<\/a><\/p>\n\n\n\n<p><a href=\"https:\/\/annabella.la\/?page_id=342\">Rencontres Autog\u00e9r\u00e9es en Ma\u00efeusth\u00e9sie (RAM)<\/a><\/p>\n","protected":false},"excerpt":{"rendered":"<p>Constellations en Ma\u00efeusth\u00e9sie Journ\u00e9e d&rsquo;initiation \u00e0 la Ma\u00efeusth\u00e9sie Formation Ma\u00efeusth\u00e9sie niveau 1 Formation Ma\u00efeusth\u00e9sie niveau 2 Journ\u00e9e de mise en oeuvre Le couple : quand l&rsquo;Autre est un chemin vers soi : Formule 5 jours Le couple : quand l&rsquo;Autre est un chemin vers soi : Formule 3 Week-Ends Le prix en conscience Rencontres Autog\u00e9r\u00e9es [&hellip;]<\/p>\n","protected":false},"author":1,"featured_media":0,"parent":0,"menu_order":0,"comment_status":"closed","ping_status":"closed","template":"","meta":{"footnotes":""},"class_list":["post-401","page","type-page","status-publish","hentry"],"yoast_head":"<!-- This site is optimized with the Yoast SEO plugin v27.5 - https:\/\/yoast.com\/product\/yoast-seo-wordpress\/ -->\n<title>Les Propositions d&#039;Annabella - Annabella<\/title>\n<meta name=\"robots\" content=\"index, follow, max-snippet:-1, max-image-preview:large, max-video-preview:-1\" \/>\n<link rel=\"canonical\" href=\"https:\/\/annabella.la\/?page_id=401\" \/>\n<meta property=\"og:locale\" content=\"fr_FR\" \/>\n<meta property=\"og:type\" content=\"article\" \/>\n<meta property=\"og:title\" content=\"Les Propositions d&#039;Annabella - Annabella\" \/>\n<meta property=\"og:description\" content=\"Constellations en Ma\u00efeusth\u00e9sie Journ\u00e9e d&rsquo;initiation \u00e0 la Ma\u00efeusth\u00e9sie Formation Ma\u00efeusth\u00e9sie niveau 1 Formation Ma\u00efeusth\u00e9sie niveau 2 Journ\u00e9e de mise en oeuvre Le couple : quand l&rsquo;Autre est un chemin vers soi : Formule 5 jours Le couple : quand l&rsquo;Autre est un chemin vers soi : Formule 3 Week-Ends Le prix en conscience Rencontres Autog\u00e9r\u00e9es [&hellip;]\" \/>\n<meta property=\"og:url\" content=\"https:\/\/annabella.la\/?page_id=401\" \/>\n<meta property=\"og:site_name\" content=\"Annabella\" \/>\n<meta property=\"article:modified_time\" content=\"2025-11-05T18:44:29+00:00\" \/>\n<meta name=\"twitter:card\" content=\"summary_large_image\" \/>\n<meta name=\"twitter:label1\" content=\"Dur\u00e9e de lecture estim\u00e9e\" \/>\n\t<meta name=\"twitter:data1\" content=\"1 minute\" \/>\n<script type=\"application\/ld+json\" class=\"yoast-schema-graph\">{\"@context\":\"https:\\\/\\\/schema.org\",\"@graph\":[{\"@type\":\"WebPage\",\"@id\":\"https:\\\/\\\/annabella.la\\\/?page_id=401\",\"url\":\"https:\\\/\\\/annabella.la\\\/?page_id=401\",\"name\":\"Les Propositions d'Annabella - Annabella\",\"isPartOf\":{\"@id\":\"https:\\\/\\\/annabella.la\\\/#website\"},\"datePublished\":\"2024-06-06T12:04:26+00:00\",\"dateModified\":\"2025-11-05T18:44:29+00:00\",\"breadcrumb\":{\"@id\":\"https:\\\/\\\/annabella.la\\\/?page_id=401#breadcrumb\"},\"inLanguage\":\"fr-FR\",\"potentialAction\":[{\"@type\":\"ReadAction\",\"target\":[\"https:\\\/\\\/annabella.la\\\/?page_id=401\"]}]},{\"@type\":\"BreadcrumbList\",\"@id\":\"https:\\\/\\\/annabella.la\\\/?page_id=401#breadcrumb\",\"itemListElement\":[{\"@type\":\"ListItem\",\"position\":1,\"name\":\"Accueil\",\"item\":\"https:\\\/\\\/annabella.la\\\/\"},{\"@type\":\"ListItem\",\"position\":2,\"name\":\"Les Propositions d&rsquo;Annabella\"}]},{\"@type\":\"WebSite\",\"@id\":\"https:\\\/\\\/annabella.la\\\/#website\",\"url\":\"https:\\\/\\\/annabella.la\\\/\",\"name\":\"Annabella\",\"description\":\"l&#039;Art d&#039;accueillir ce qui est\",\"publisher\":{\"@id\":\"https:\\\/\\\/annabella.la\\\/#organization\"},\"potentialAction\":[{\"@type\":\"SearchAction\",\"target\":{\"@type\":\"EntryPoint\",\"urlTemplate\":\"https:\\\/\\\/annabella.la\\\/?s={search_term_string}\"},\"query-input\":{\"@type\":\"PropertyValueSpecification\",\"valueRequired\":true,\"valueName\":\"search_term_string\"}}],\"inLanguage\":\"fr-FR\"},{\"@type\":\"Organization\",\"@id\":\"https:\\\/\\\/annabella.la\\\/#organization\",\"name\":\"Annabella\",\"url\":\"https:\\\/\\\/annabella.la\\\/\",\"logo\":{\"@type\":\"ImageObject\",\"inLanguage\":\"fr-FR\",\"@id\":\"https:\\\/\\\/annabella.la\\\/#\\\/schema\\\/logo\\\/image\\\/\",\"url\":\"https:\\\/\\\/annabella.la\\\/wp-content\\\/uploads\\\/2024\\\/02\\\/Cyclamens-modified.png\",\"contentUrl\":\"https:\\\/\\\/annabella.la\\\/wp-content\\\/uploads\\\/2024\\\/02\\\/Cyclamens-modified.png\",\"width\":1984,\"height\":1984,\"caption\":\"Annabella\"},\"image\":{\"@id\":\"https:\\\/\\\/annabella.la\\\/#\\\/schema\\\/logo\\\/image\\\/\"}}]}<\/script>\n<!-- \/ Yoast SEO plugin. -->","yoast_head_json":{"title":"Les Propositions d'Annabella - Annabella","robots":{"index":"index","follow":"follow","max-snippet":"max-snippet:-1","max-image-preview":"max-image-preview:large","max-video-preview":"max-video-preview:-1"},"canonical":"https:\/\/annabella.la\/?page_id=401","og_locale":"fr_FR","og_type":"article","og_title":"Les Propositions d'Annabella - Annabella","og_description":"Constellations en Ma\u00efeusth\u00e9sie Journ\u00e9e d&rsquo;initiation \u00e0 la Ma\u00efeusth\u00e9sie Formation Ma\u00efeusth\u00e9sie niveau 1 Formation Ma\u00efeusth\u00e9sie niveau 2 Journ\u00e9e de mise en oeuvre Le couple : quand l&rsquo;Autre est un chemin vers soi : Formule 5 jours Le couple : quand l&rsquo;Autre est un chemin vers soi : Formule 3 Week-Ends Le prix en conscience Rencontres Autog\u00e9r\u00e9es [&hellip;]","og_url":"https:\/\/annabella.la\/?page_id=401","og_site_name":"Annabella","article_modified_time":"2025-11-05T18:44:29+00:00","twitter_card":"summary_large_image","twitter_misc":{"Dur\u00e9e de lecture estim\u00e9e":"1 minute"},"schema":{"@context":"https:\/\/schema.org","@graph":[{"@type":"WebPage","@id":"https:\/\/annabella.la\/?page_id=401","url":"https:\/\/annabella.la\/?page_id=401","name":"Les Propositions d'Annabella - Annabella","isPartOf":{"@id":"https:\/\/annabella.la\/#website"},"datePublished":"2024-06-06T12:04:26+00:00","dateModified":"2025-11-05T18:44:29+00:00","breadcrumb":{"@id":"https:\/\/annabella.la\/?page_id=401#breadcrumb"},"inLanguage":"fr-FR","potentialAction":[{"@type":"ReadAction","target":["https:\/\/annabella.la\/?page_id=401"]}]},{"@type":"BreadcrumbList","@id":"https:\/\/annabella.la\/?page_id=401#breadcrumb","itemListElement":[{"@type":"ListItem","position":1,"name":"Accueil","item":"https:\/\/annabella.la\/"},{"@type":"ListItem","position":2,"name":"Les Propositions d&rsquo;Annabella"}]},{"@type":"WebSite","@id":"https:\/\/annabella.la\/#website","url":"https:\/\/annabella.la\/","name":"Annabella","description":"l&#039;Art d&#039;accueillir ce qui est","publisher":{"@id":"https:\/\/annabella.la\/#organization"},"potentialAction":[{"@type":"SearchAction","target":{"@type":"EntryPoint","urlTemplate":"https:\/\/annabella.la\/?s={search_term_string}"},"query-input":{"@type":"PropertyValueSpecification","valueRequired":true,"valueName":"search_term_string"}}],"inLanguage":"fr-FR"},{"@type":"Organization","@id":"https:\/\/annabella.la\/#organization","name":"Annabella","url":"https:\/\/annabella.la\/","logo":{"@type":"ImageObject","inLanguage":"fr-FR","@id":"https:\/\/annabella.la\/#\/schema\/logo\/image\/","url":"https:\/\/annabella.la\/wp-content\/uploads\/2024\/02\/Cyclamens-modified.png","contentUrl":"https:\/\/annabella.la\/wp-content\/uploads\/2024\/02\/Cyclamens-modified.png","width":1984,"height":1984,"caption":"Annabella"},"image":{"@id":"https:\/\/annabella.la\/#\/schema\/logo\/image\/"}}]}},"_links":{"self":[{"href":"https:\/\/annabella.la\/index.php?rest_route=\/wp\/v2\/pages\/401","targetHints":{"allow":["GET"]}}],"collection":[{"href":"https:\/\/annabella.la\/index.php?rest_route=\/wp\/v2\/pages"}],"about":[{"href":"https:\/\/annabella.la\/index.php?rest_route=\/wp\/v2\/types\/page"}],"author":[{"embeddable":true,"href":"https:\/\/annabella.la\/index.php?rest_route=\/wp\/v2\/users\/1"}],"replies":[{"embeddable":true,"href":"https:\/\/annabella.la\/index.php?rest_route=%2Fwp%2Fv2%2Fcomments&post=401"}],"version-history":[{"count":12,"href":"https:\/\/annabella.la\/index.php?rest_route=\/wp\/v2\/pages\/401\/revisions"}],"predecessor-version":[{"id":648,"href":"https:\/\/annabella.la\/index.php?rest_route=\/wp\/v2\/pages\/401\/revisions\/648"}],"wp:attachment":[{"href":"https:\/\/annabella.la\/index.php?rest_route=%2Fwp%2Fv2%2Fmedia&parent=401"}],"curies":[{"name":"wp","href":"https:\/\/api.w.org\/{rel}","templated":true}]}}