{"id":459,"date":"2024-09-25T22:10:07","date_gmt":"2024-09-25T20:10:07","guid":{"rendered":"https:\/\/annabella.la\/?page_id=459"},"modified":"2025-11-05T19:37:17","modified_gmt":"2025-11-05T18:37:17","slug":"constellations-en-maieusthesie","status":"publish","type":"page","link":"https:\/\/annabella.la\/?page_id=459","title":{"rendered":"Constellations en Ma\u00efeusth\u00e9sie"},"content":{"rendered":"<style>.kb-row-layout-wrap.wp-block-kadence-rowlayout.kb-row-layout-id459_21927c-ef{margin-bottom:var(--global-kb-spacing-lg, 3rem);}.kb-row-layout-id459_21927c-ef > .kt-row-column-wrap{align-content:start;}:where(.kb-row-layout-id459_21927c-ef > .kt-row-column-wrap) > .wp-block-kadence-column{justify-content:start;}.kb-row-layout-id459_21927c-ef > .kt-row-column-wrap{column-gap:var(--global-kb-gap-md, 2rem);row-gap:var(--global-kb-gap-md, 2rem);max-width:1140px;margin-left:auto;margin-right:auto;padding-top:85px;padding-bottom:0px;grid-template-columns:minmax(0, 1fr);}.kb-row-layout-id459_21927c-ef{border-top-left-radius:30px;border-top-right-radius:30px;border-bottom-right-radius:30px;border-bottom-left-radius:30px;overflow:clip;isolation:isolate;}.kb-row-layout-id459_21927c-ef > .kt-row-layout-overlay{border-top-left-radius:30px;border-top-right-radius:30px;border-bottom-right-radius:30px;border-bottom-left-radius:30px;}.kb-row-layout-id459_21927c-ef{border-top:5px solid #506e16;border-right:5px solid #506e16;border-bottom:5px solid #506e16;border-left:5px solid #506e16;}.kb-row-layout-id459_21927c-ef{background-color:#f9f9f9;background-image:url('https:\/\/epanouir.org\/wp-content\/uploads\/2023\/08\/IMG_20230625_180941-scaled.jpg');background-size:cover;background-position:center center;background-attachment:scroll;background-repeat:no-repeat;}.kb-row-layout-id459_21927c-ef > .kt-row-layout-overlay{opacity:0.30;}@media all and (max-width: 1024px){.kb-row-layout-id459_21927c-ef > .kt-row-column-wrap{grid-template-columns:minmax(0, 1fr);}}@media all and (max-width: 1024px){.kb-row-layout-id459_21927c-ef{border-top:5px solid #506e16;border-right:5px solid #506e16;border-bottom:5px solid #506e16;border-left:5px solid #506e16;}}@media all and (max-width: 767px){.kb-row-layout-id459_21927c-ef > .kt-row-column-wrap{grid-template-columns:minmax(0, 1fr);}.kb-row-layout-id459_21927c-ef{border-top:5px solid #506e16;border-right:5px solid #506e16;border-bottom:5px solid #506e16;border-left:5px solid #506e16;}}<\/style><div class=\"kb-row-layout-wrap kb-row-layout-id459_21927c-ef alignfull kt-row-has-bg wp-block-kadence-rowlayout\"><div class=\"kt-row-column-wrap kt-has-1-columns kt-row-layout-equal kt-tab-layout-inherit kt-mobile-layout-row kt-row-valign-top\">\n<style>.kadence-column459_0c635e-05 > .kt-inside-inner-col{padding-bottom:var(--global-kb-spacing-lg, 3rem);}.kadence-column459_0c635e-05 > .kt-inside-inner-col,.kadence-column459_0c635e-05 > .kt-inside-inner-col:before{border-top-left-radius:0px;border-top-right-radius:0px;border-bottom-right-radius:0px;border-bottom-left-radius:0px;}.kadence-column459_0c635e-05 > .kt-inside-inner-col{column-gap:var(--global-kb-gap-sm, 1rem);}.kadence-column459_0c635e-05 > .kt-inside-inner-col{flex-direction:column;}.kadence-column459_0c635e-05 > .kt-inside-inner-col > .aligncenter{width:100%;}.kadence-column459_0c635e-05 > .kt-inside-inner-col:before{opacity:0.3;}.kadence-column459_0c635e-05{position:relative;}@media all and (max-width: 1024px){.kadence-column459_0c635e-05 > .kt-inside-inner-col{flex-direction:column;justify-content:center;}}@media all and (max-width: 767px){.kadence-column459_0c635e-05 > .kt-inside-inner-col{flex-direction:column;justify-content:center;}}<\/style>\n<div class=\"wp-block-kadence-column kadence-column459_0c635e-05 kb-section-dir-vertical inner-column-1\"><div class=\"kt-inside-inner-col\"><style>.wp-block-kadence-column.kb-section-dir-horizontal > .kt-inside-inner-col > .kt-info-box459_20ab1a-e2 .kt-blocks-info-box-link-wrap{max-width:unset;}.kt-info-box459_20ab1a-e2 .kt-blocks-info-box-link-wrap{border-top:5px solid #233008;border-right:5px solid #233008;border-bottom:5px solid #233008;border-left:5px solid #233008;border-top-left-radius:30px;border-top-right-radius:30px;border-bottom-right-radius:30px;border-bottom-left-radius:30px;background:#fff;padding-top:var(--global-kb-spacing-xs, 1rem);padding-right:var(--global-kb-spacing-xs, 1rem);padding-bottom:var(--global-kb-spacing-xs, 1rem);padding-left:var(--global-kb-spacing-xs, 1rem);}.kt-info-box459_20ab1a-e2 .kt-blocks-info-box-link-wrap:hover{background:#fff;}.kt-info-box459_20ab1a-e2.wp-block-kadence-infobox{max-width:100%;}.kt-info-box459_20ab1a-e2 .kadence-info-box-image-inner-intrisic-container{max-width:100px;}.kt-info-box459_20ab1a-e2 .kadence-info-box-image-inner-intrisic-container .kadence-info-box-image-intrisic{padding-bottom:100%;width:316px;height:0px;max-width:100%;}.kt-info-box459_20ab1a-e2 .kadence-info-box-icon-container .kt-info-svg-icon, .kt-info-box459_20ab1a-e2 .kt-info-svg-icon-flip, .kt-info-box459_20ab1a-e2 .kt-blocks-info-box-number{font-size:50px;}.kt-info-box459_20ab1a-e2 .kt-blocks-info-box-media{color:#444;background:#fff;border-color:#e7b816;border-radius:200px;overflow:hidden;border-top-width:3px;border-right-width:3px;border-bottom-width:3px;border-left-width:3px;padding-top:0px;padding-right:0px;padding-bottom:0px;padding-left:0px;}.kt-info-box459_20ab1a-e2 .kt-blocks-info-box-media-container{margin-top:0px;margin-right:15px;margin-bottom:10px;margin-left:15px;}.kt-info-box459_20ab1a-e2 .kt-blocks-info-box-link-wrap:hover .kt-blocks-info-box-media{color:#000;background:#fff;border-color:#d1d1d1;}.kt-info-box459_20ab1a-e2 .kt-infobox-textcontent h4.kt-blocks-info-box-title{color:#000;font-size:20px;line-height:25px;font-family:Montserrat;font-style:normal;font-weight:300;padding-top:0px;padding-right:0px;padding-bottom:0px;padding-left:0px;margin-top:5px;margin-right:0px;margin-bottom:10px;margin-left:0px;}.kt-info-box459_20ab1a-e2 .kt-blocks-info-box-link-wrap:hover h4.kt-blocks-info-box-title{color:#000;}.kt-info-box459_20ab1a-e2 .kt-infobox-textcontent .kt-blocks-info-box-text{color:#233008;}.wp-block-kadence-infobox.kt-info-box459_20ab1a-e2 .kt-blocks-info-box-text{font-size:16px;line-height:24px;font-family:Montserrat;font-style:normal;font-weight:300;}.kt-info-box459_20ab1a-e2 .kt-blocks-info-box-link-wrap:hover .kt-blocks-info-box-text{color:#000;}.kt-info-box459_20ab1a-e2 .kt-blocks-info-box-learnmore{color:#233008;background:transparent;border-color:#444;font-family:Montserrat;font-style:normal;font-weight:300;border-width:1px 0px 0px 0px;padding-top:9px;padding-right:8px;padding-bottom:4px;padding-left:8px;margin-top:15px;margin-right:0px;margin-bottom:10px;margin-left:0px;}.kt-info-box459_20ab1a-e2 .kt-blocks-info-box-link-wrap:hover .kt-blocks-info-box-learnmore,.kt-info-box459_20ab1a-e2 .kt-blocks-info-box-link-wrap .kt-blocks-info-box-learnmore:focus{color:#000;background:#fff;border-color:#000;}@media all and (max-width: 1024px){.kt-info-box459_20ab1a-e2 .kt-blocks-info-box-link-wrap{border-top:5px solid #233008;border-right:5px solid #233008;border-bottom:5px solid #233008;border-left:5px solid #233008;}}@media all and (max-width: 767px){.kt-info-box459_20ab1a-e2 .kt-blocks-info-box-link-wrap{border-top:5px solid #233008;border-right:5px solid #233008;border-bottom:5px solid #233008;border-left:5px solid #233008;}}<\/style>\n<div class=\"wp-block-kadence-infobox kt-info-box459_20ab1a-e2\"><div class=\"kt-blocks-info-box-link-wrap kt-blocks-info-box-media-align-top kt-info-halign-center\"><div class=\"kt-blocks-info-box-media-container\"><div class=\"kt-blocks-info-box-media kt-info-media-animate-none\"><div class=\"kadence-info-box-image-inner-intrisic-container\"><div class=\"kadence-info-box-image-intrisic kt-info-animate-none\"><div class=\"kadence-info-box-image-inner-intrisic\"><img loading=\"lazy\" decoding=\"async\" src=\"https:\/\/epanouir.org\/wp-content\/uploads\/2023\/08\/th-e1693320334238.jpeg\" alt=\"\" width=\"316\" height=\"316\" class=\"kt-info-box-image wp-image-1809\"\/><\/div><\/div><\/div><\/div><\/div><div class=\"kt-infobox-textcontent\"><h4 class=\"kt-blocks-info-box-title\"><strong>Constellations<\/strong><\/h4><p class=\"kt-blocks-info-box-text\"><br>Nous sommes issus de tous <strong>ceux que nous avons \u00e9t\u00e9<\/strong> depuis notre naissance et de tous <strong>ceux qui nous ont pr\u00e9c\u00e9d\u00e9<\/strong> \u00e0 travers les g\u00e9n\u00e9rations.<br><br>La Ma\u00efeusth\u00e9sie, avec sa posture d<strong>&lsquo;\u00e9coute sans savoir<\/strong> et sans attente permet de leur<strong> donner voix<\/strong> et de leur <strong>accorder notre \u00e9coute<\/strong>. Elle autorise \u00e0 nous r\u00e9jouir de ces <strong>retrouvailles<\/strong> inattendues, inesp\u00e9r\u00e9es ou redout\u00e9es avec tous les Etres\u00a0: un anc\u00eatre, un parent, un ami, moi \u00e0 15 ans, \u00e0 3 ans ou tr\u00e8s longtemps avant\u2026.<br><br>Tous ont besoin d\u2019\u00eatre <strong>reconnus et valid\u00e9s<\/strong> dans leurs exp\u00e9riences\u00a0:<br>\u00ab\u00a0je vois combien c\u2019est important pour toi et \u00e0 quel point tu as souffert\u00a0\u00bb<br>\u00ab\u00a0Si c\u2019est si intense pour toi, je comprends ton comportement\u00a0\u00bb<br><br>Tous <strong>ceux en nous dont l\u2019appel n\u2019est pas entendu<\/strong> apportent leur dissonance dans notre vie pour tenter de <strong>rejoindre notre conscience<\/strong>\u00a0: ils cr\u00e9ent des sympt\u00f4mes physiques, relationnels, comportementaux\u2026.<br><br>La Ma\u00efeusth\u00e9sie apporte \u00e0 la constellation la <strong>l\u00e9g\u00e8ret\u00e9<\/strong> du <strong>non-jugement<\/strong> et le <strong>soulagement<\/strong> de la <strong>validation.<\/strong><br><br><strong>Comment \u00e7a se passe\u00a0:<\/strong><br><br>Il s\u2019agit de <strong>mettre \u00e0 jour<\/strong> les diff\u00e9rents acteurs d\u2019une situation probl\u00e9matique et de <strong>d\u00e9couvrir <\/strong>leurs i<strong>nteractions.<\/strong><br><br>Il y a 2 fonctions\u00a0: le <strong>constell\u00e9<\/strong> et les <strong>repr\u00e9sentants.<\/strong><br>Dans un groupe de 6, le constell\u00e9 d\u00e9signe les repr\u00e9sentants des <strong>personnes en jeu<\/strong> dans la probl\u00e9matique.<br>Les repr\u00e9sentants ne jouent pas le personnage d\u00e9sign\u00e9, ils l\u2019investissent\u00a0: ils suivent leur <strong>ressenti<\/strong> pour se placer dans l\u2019espace en fonction des autres repr\u00e9sentants.<br><br>Cette disposition spontan\u00e9e r\u00e9v\u00e8le les<strong> lignes de forces<\/strong> du syst\u00e8me probl\u00e9matique. Elle permet \u00e0 chaque personnage de s\u2019exprimer \u00e0 travers le repr\u00e9sentant.<br><br><br>Contactez-moi pour <strong>mettre en place votre prochaine constellation<\/strong> et connaitre les modalit\u00e9s.<br><br><strong>Tarif<\/strong> : Prix en conscience, <strong><a href=\"https:\/\/annabella.la\/\">contactez-moi<\/a> <\/strong>pour d\u00e9finir un prix plancher<br><br><br>Retrouvez les dates des<strong> prochaines constellations <a href=\"https:\/\/annabella.la\/?page_id=429\">ici<\/a><br><\/strong><\/p><\/div><\/div><\/div>\n<\/div><\/div>\n\n<\/div><\/div>\n\n\n<p><\/p>\n","protected":false},"excerpt":{"rendered":"","protected":false},"author":1,"featured_media":0,"parent":401,"menu_order":0,"comment_status":"closed","ping_status":"closed","template":"","meta":{"footnotes":""},"class_list":["post-459","page","type-page","status-publish","hentry"],"yoast_head":"<!-- This site is optimized with the Yoast SEO plugin v27.5 - https:\/\/yoast.com\/product\/yoast-seo-wordpress\/ -->\n<title>Constellations en Ma\u00efeusth\u00e9sie - Annabella<\/title>\n<meta name=\"robots\" content=\"index, follow, max-snippet:-1, max-image-preview:large, max-video-preview:-1\" \/>\n<link rel=\"canonical\" href=\"https:\/\/annabella.la\/?page_id=459\" \/>\n<meta property=\"og:locale\" content=\"fr_FR\" \/>\n<meta property=\"og:type\" content=\"article\" \/>\n<meta property=\"og:title\" content=\"Constellations en Ma\u00efeusth\u00e9sie - Annabella\" \/>\n<meta property=\"og:url\" content=\"https:\/\/annabella.la\/?page_id=459\" \/>\n<meta property=\"og:site_name\" content=\"Annabella\" \/>\n<meta property=\"article:modified_time\" content=\"2025-11-05T18:37:17+00:00\" \/>\n<meta name=\"twitter:card\" content=\"summary_large_image\" \/>\n<meta name=\"twitter:label1\" content=\"Dur\u00e9e de lecture estim\u00e9e\" \/>\n\t<meta name=\"twitter:data1\" content=\"2 minutes\" \/>\n<script type=\"application\/ld+json\" class=\"yoast-schema-graph\">{\"@context\":\"https:\\\/\\\/schema.org\",\"@graph\":[{\"@type\":\"WebPage\",\"@id\":\"https:\\\/\\\/annabella.la\\\/?page_id=459\",\"url\":\"https:\\\/\\\/annabella.la\\\/?page_id=459\",\"name\":\"Constellations en Ma\u00efeusth\u00e9sie - Annabella\",\"isPartOf\":{\"@id\":\"https:\\\/\\\/annabella.la\\\/#website\"},\"primaryImageOfPage\":{\"@id\":\"https:\\\/\\\/annabella.la\\\/?page_id=459#primaryimage\"},\"image\":{\"@id\":\"https:\\\/\\\/annabella.la\\\/?page_id=459#primaryimage\"},\"thumbnailUrl\":\"https:\\\/\\\/epanouir.org\\\/wp-content\\\/uploads\\\/2023\\\/08\\\/th-e1693320334238.jpeg\",\"datePublished\":\"2024-09-25T20:10:07+00:00\",\"dateModified\":\"2025-11-05T18:37:17+00:00\",\"breadcrumb\":{\"@id\":\"https:\\\/\\\/annabella.la\\\/?page_id=459#breadcrumb\"},\"inLanguage\":\"fr-FR\",\"potentialAction\":[{\"@type\":\"ReadAction\",\"target\":[\"https:\\\/\\\/annabella.la\\\/?page_id=459\"]}]},{\"@type\":\"ImageObject\",\"inLanguage\":\"fr-FR\",\"@id\":\"https:\\\/\\\/annabella.la\\\/?page_id=459#primaryimage\",\"url\":\"https:\\\/\\\/epanouir.org\\\/wp-content\\\/uploads\\\/2023\\\/08\\\/th-e1693320334238.jpeg\",\"contentUrl\":\"https:\\\/\\\/epanouir.org\\\/wp-content\\\/uploads\\\/2023\\\/08\\\/th-e1693320334238.jpeg\"},{\"@type\":\"BreadcrumbList\",\"@id\":\"https:\\\/\\\/annabella.la\\\/?page_id=459#breadcrumb\",\"itemListElement\":[{\"@type\":\"ListItem\",\"position\":1,\"name\":\"Accueil\",\"item\":\"https:\\\/\\\/annabella.la\\\/\"},{\"@type\":\"ListItem\",\"position\":2,\"name\":\"Les Propositions d&rsquo;Annabella\",\"item\":\"https:\\\/\\\/annabella.la\\\/?page_id=401\"},{\"@type\":\"ListItem\",\"position\":3,\"name\":\"Constellations en Ma\u00efeusth\u00e9sie\"}]},{\"@type\":\"WebSite\",\"@id\":\"https:\\\/\\\/annabella.la\\\/#website\",\"url\":\"https:\\\/\\\/annabella.la\\\/\",\"name\":\"Annabella\",\"description\":\"l&#039;Art d&#039;accueillir ce qui est\",\"publisher\":{\"@id\":\"https:\\\/\\\/annabella.la\\\/#organization\"},\"potentialAction\":[{\"@type\":\"SearchAction\",\"target\":{\"@type\":\"EntryPoint\",\"urlTemplate\":\"https:\\\/\\\/annabella.la\\\/?s={search_term_string}\"},\"query-input\":{\"@type\":\"PropertyValueSpecification\",\"valueRequired\":true,\"valueName\":\"search_term_string\"}}],\"inLanguage\":\"fr-FR\"},{\"@type\":\"Organization\",\"@id\":\"https:\\\/\\\/annabella.la\\\/#organization\",\"name\":\"Annabella\",\"url\":\"https:\\\/\\\/annabella.la\\\/\",\"logo\":{\"@type\":\"ImageObject\",\"inLanguage\":\"fr-FR\",\"@id\":\"https:\\\/\\\/annabella.la\\\/#\\\/schema\\\/logo\\\/image\\\/\",\"url\":\"https:\\\/\\\/annabella.la\\\/wp-content\\\/uploads\\\/2024\\\/02\\\/Cyclamens-modified.png\",\"contentUrl\":\"https:\\\/\\\/annabella.la\\\/wp-content\\\/uploads\\\/2024\\\/02\\\/Cyclamens-modified.png\",\"width\":1984,\"height\":1984,\"caption\":\"Annabella\"},\"image\":{\"@id\":\"https:\\\/\\\/annabella.la\\\/#\\\/schema\\\/logo\\\/image\\\/\"}}]}<\/script>\n<!-- \/ Yoast SEO plugin. -->","yoast_head_json":{"title":"Constellations en Ma\u00efeusth\u00e9sie - Annabella","robots":{"index":"index","follow":"follow","max-snippet":"max-snippet:-1","max-image-preview":"max-image-preview:large","max-video-preview":"max-video-preview:-1"},"canonical":"https:\/\/annabella.la\/?page_id=459","og_locale":"fr_FR","og_type":"article","og_title":"Constellations en Ma\u00efeusth\u00e9sie - Annabella","og_url":"https:\/\/annabella.la\/?page_id=459","og_site_name":"Annabella","article_modified_time":"2025-11-05T18:37:17+00:00","twitter_card":"summary_large_image","twitter_misc":{"Dur\u00e9e de lecture estim\u00e9e":"2 minutes"},"schema":{"@context":"https:\/\/schema.org","@graph":[{"@type":"WebPage","@id":"https:\/\/annabella.la\/?page_id=459","url":"https:\/\/annabella.la\/?page_id=459","name":"Constellations en Ma\u00efeusth\u00e9sie - Annabella","isPartOf":{"@id":"https:\/\/annabella.la\/#website"},"primaryImageOfPage":{"@id":"https:\/\/annabella.la\/?page_id=459#primaryimage"},"image":{"@id":"https:\/\/annabella.la\/?page_id=459#primaryimage"},"thumbnailUrl":"https:\/\/epanouir.org\/wp-content\/uploads\/2023\/08\/th-e1693320334238.jpeg","datePublished":"2024-09-25T20:10:07+00:00","dateModified":"2025-11-05T18:37:17+00:00","breadcrumb":{"@id":"https:\/\/annabella.la\/?page_id=459#breadcrumb"},"inLanguage":"fr-FR","potentialAction":[{"@type":"ReadAction","target":["https:\/\/annabella.la\/?page_id=459"]}]},{"@type":"ImageObject","inLanguage":"fr-FR","@id":"https:\/\/annabella.la\/?page_id=459#primaryimage","url":"https:\/\/epanouir.org\/wp-content\/uploads\/2023\/08\/th-e1693320334238.jpeg","contentUrl":"https:\/\/epanouir.org\/wp-content\/uploads\/2023\/08\/th-e1693320334238.jpeg"},{"@type":"BreadcrumbList","@id":"https:\/\/annabella.la\/?page_id=459#breadcrumb","itemListElement":[{"@type":"ListItem","position":1,"name":"Accueil","item":"https:\/\/annabella.la\/"},{"@type":"ListItem","position":2,"name":"Les Propositions d&rsquo;Annabella","item":"https:\/\/annabella.la\/?page_id=401"},{"@type":"ListItem","position":3,"name":"Constellations en Ma\u00efeusth\u00e9sie"}]},{"@type":"WebSite","@id":"https:\/\/annabella.la\/#website","url":"https:\/\/annabella.la\/","name":"Annabella","description":"l&#039;Art d&#039;accueillir ce qui est","publisher":{"@id":"https:\/\/annabella.la\/#organization"},"potentialAction":[{"@type":"SearchAction","target":{"@type":"EntryPoint","urlTemplate":"https:\/\/annabella.la\/?s={search_term_string}"},"query-input":{"@type":"PropertyValueSpecification","valueRequired":true,"valueName":"search_term_string"}}],"inLanguage":"fr-FR"},{"@type":"Organization","@id":"https:\/\/annabella.la\/#organization","name":"Annabella","url":"https:\/\/annabella.la\/","logo":{"@type":"ImageObject","inLanguage":"fr-FR","@id":"https:\/\/annabella.la\/#\/schema\/logo\/image\/","url":"https:\/\/annabella.la\/wp-content\/uploads\/2024\/02\/Cyclamens-modified.png","contentUrl":"https:\/\/annabella.la\/wp-content\/uploads\/2024\/02\/Cyclamens-modified.png","width":1984,"height":1984,"caption":"Annabella"},"image":{"@id":"https:\/\/annabella.la\/#\/schema\/logo\/image\/"}}]}},"_links":{"self":[{"href":"https:\/\/annabella.la\/index.php?rest_route=\/wp\/v2\/pages\/459","targetHints":{"allow":["GET"]}}],"collection":[{"href":"https:\/\/annabella.la\/index.php?rest_route=\/wp\/v2\/pages"}],"about":[{"href":"https:\/\/annabella.la\/index.php?rest_route=\/wp\/v2\/types\/page"}],"author":[{"embeddable":true,"href":"https:\/\/annabella.la\/index.php?rest_route=\/wp\/v2\/users\/1"}],"replies":[{"embeddable":true,"href":"https:\/\/annabella.la\/index.php?rest_route=%2Fwp%2Fv2%2Fcomments&post=459"}],"version-history":[{"count":7,"href":"https:\/\/annabella.la\/index.php?rest_route=\/wp\/v2\/pages\/459\/revisions"}],"predecessor-version":[{"id":513,"href":"https:\/\/annabella.la\/index.php?rest_route=\/wp\/v2\/pages\/459\/revisions\/513"}],"up":[{"embeddable":true,"href":"https:\/\/annabella.la\/index.php?rest_route=\/wp\/v2\/pages\/401"}],"wp:attachment":[{"href":"https:\/\/annabella.la\/index.php?rest_route=%2Fwp%2Fv2%2Fmedia&parent=459"}],"curies":[{"name":"wp","href":"https:\/\/api.w.org\/{rel}","templated":true}]}}