{"id":515,"date":"2024-11-28T21:56:25","date_gmt":"2024-11-28T20:56:25","guid":{"rendered":"https:\/\/annabella.la\/?page_id=515"},"modified":"2025-11-05T19:46:21","modified_gmt":"2025-11-05T18:46:21","slug":"accueillir-ecouter-accompagner-copy-5","status":"publish","type":"page","link":"https:\/\/annabella.la\/?page_id=515","title":{"rendered":"Vos T\u00e9moignages"},"content":{"rendered":"\n<h2 class=\"wp-block-heading has-text-align-center has-green-color has-text-color has-link-color wp-elements-b0735bc023b3a32650bbd555949f057f\"><\/h2>\n\n\n\n<h2 class=\"wp-block-heading has-text-align-center has-normal-font-size\"><\/h2>\n\n\n<style>.kb-row-layout-wrap.wp-block-kadence-rowlayout.kb-row-layout-id515_534c7c-7c{margin-bottom:var(--global-kb-spacing-lg, 3rem);}.kb-row-layout-id515_534c7c-7c > .kt-row-column-wrap{align-content:start;}:where(.kb-row-layout-id515_534c7c-7c > .kt-row-column-wrap) > .wp-block-kadence-column{justify-content:start;}.kb-row-layout-id515_534c7c-7c > .kt-row-column-wrap{column-gap:var(--global-kb-gap-md, 2rem);row-gap:var(--global-kb-gap-md, 2rem);max-width:1140px;margin-left:auto;margin-right:auto;padding-top:85px;padding-bottom:0px;grid-template-columns:minmax(0, 1fr);}.kb-row-layout-id515_534c7c-7c{border-top-left-radius:30px;border-top-right-radius:30px;border-bottom-right-radius:30px;border-bottom-left-radius:30px;overflow:clip;isolation:isolate;}.kb-row-layout-id515_534c7c-7c > .kt-row-layout-overlay{border-top-left-radius:30px;border-top-right-radius:30px;border-bottom-right-radius:30px;border-bottom-left-radius:30px;}.kb-row-layout-id515_534c7c-7c{border-top:5px solid #506e16;border-right:5px solid #506e16;border-bottom:5px solid #506e16;border-left:5px solid #506e16;}.kb-row-layout-id515_534c7c-7c{background-color:#f9f9f9;background-image:url('https:\/\/epanouir.org\/wp-content\/uploads\/2023\/08\/IMG_20230625_180941-scaled.jpg');background-size:cover;background-position:center center;background-attachment:scroll;background-repeat:no-repeat;}.kb-row-layout-id515_534c7c-7c > .kt-row-layout-overlay{opacity:0.30;}@media all and (max-width: 1024px){.kb-row-layout-id515_534c7c-7c > .kt-row-column-wrap{grid-template-columns:minmax(0, 1fr);}}@media all and (max-width: 1024px){.kb-row-layout-id515_534c7c-7c{border-top:5px solid #506e16;border-right:5px solid #506e16;border-bottom:5px solid #506e16;border-left:5px solid #506e16;}}@media all and (max-width: 767px){.kb-row-layout-id515_534c7c-7c > .kt-row-column-wrap{grid-template-columns:minmax(0, 1fr);}.kb-row-layout-id515_534c7c-7c{border-top:5px solid #506e16;border-right:5px solid #506e16;border-bottom:5px solid #506e16;border-left:5px solid #506e16;}}<\/style><div class=\"kb-row-layout-wrap kb-row-layout-id515_534c7c-7c alignfull kt-row-has-bg wp-block-kadence-rowlayout\"><div class=\"kt-row-column-wrap kt-has-1-columns kt-row-layout-equal kt-tab-layout-inherit kt-mobile-layout-row kt-row-valign-top\">\n<style>.kadence-column515_119e9c-1c > .kt-inside-inner-col{padding-bottom:var(--global-kb-spacing-lg, 3rem);}.kadence-column515_119e9c-1c > .kt-inside-inner-col,.kadence-column515_119e9c-1c > .kt-inside-inner-col:before{border-top-left-radius:0px;border-top-right-radius:0px;border-bottom-right-radius:0px;border-bottom-left-radius:0px;}.kadence-column515_119e9c-1c > .kt-inside-inner-col{column-gap:var(--global-kb-gap-sm, 1rem);}.kadence-column515_119e9c-1c > .kt-inside-inner-col{flex-direction:column;}.kadence-column515_119e9c-1c > .kt-inside-inner-col > .aligncenter{width:100%;}.kadence-column515_119e9c-1c > .kt-inside-inner-col:before{opacity:0.3;}.kadence-column515_119e9c-1c{position:relative;}@media all and (max-width: 1024px){.kadence-column515_119e9c-1c > .kt-inside-inner-col{flex-direction:column;justify-content:center;}}@media all and (max-width: 767px){.kadence-column515_119e9c-1c > .kt-inside-inner-col{flex-direction:column;justify-content:center;}}<\/style>\n<div class=\"wp-block-kadence-column kadence-column515_119e9c-1c kb-section-dir-vertical inner-column-1\"><div class=\"kt-inside-inner-col\"><style>.wp-block-kadence-column.kb-section-dir-horizontal > .kt-inside-inner-col > .kt-info-box515_bdf252-c7 .kt-blocks-info-box-link-wrap{max-width:unset;}.kt-info-box515_bdf252-c7 .kt-blocks-info-box-link-wrap{border-top:5px solid #233008;border-right:5px solid #233008;border-bottom:5px solid #233008;border-left:5px solid #233008;border-top-left-radius:30px;border-top-right-radius:30px;border-bottom-right-radius:30px;border-bottom-left-radius:30px;background:#fff;padding-top:var(--global-kb-spacing-xs, 1rem);padding-right:var(--global-kb-spacing-xs, 1rem);padding-bottom:var(--global-kb-spacing-xs, 1rem);padding-left:var(--global-kb-spacing-xs, 1rem);}.kt-info-box515_bdf252-c7 .kt-blocks-info-box-link-wrap:hover{background:#fff;}.kt-info-box515_bdf252-c7.wp-block-kadence-infobox{max-width:100%;}.kt-info-box515_bdf252-c7 .kadence-info-box-image-inner-intrisic-container{max-width:100px;}.kt-info-box515_bdf252-c7 .kadence-info-box-image-inner-intrisic-container .kadence-info-box-image-intrisic{padding-bottom:100%;width:316px;height:0px;max-width:100%;}.kt-info-box515_bdf252-c7 .kadence-info-box-icon-container .kt-info-svg-icon, .kt-info-box515_bdf252-c7 .kt-info-svg-icon-flip, .kt-info-box515_bdf252-c7 .kt-blocks-info-box-number{font-size:50px;}.kt-info-box515_bdf252-c7 .kt-blocks-info-box-media{color:#444;background:#fff;border-color:#e7b816;border-radius:200px;overflow:hidden;border-top-width:3px;border-right-width:3px;border-bottom-width:3px;border-left-width:3px;padding-top:0px;padding-right:0px;padding-bottom:0px;padding-left:0px;}.kt-info-box515_bdf252-c7 .kt-blocks-info-box-media-container{margin-top:0px;margin-right:15px;margin-bottom:10px;margin-left:15px;}.kt-info-box515_bdf252-c7 .kt-blocks-info-box-link-wrap:hover .kt-blocks-info-box-media{color:#000;background:#fff;border-color:#d1d1d1;}.kt-info-box515_bdf252-c7 .kt-infobox-textcontent h4.kt-blocks-info-box-title{color:#000;font-size:20px;line-height:25px;font-family:Montserrat;font-style:normal;font-weight:300;padding-top:0px;padding-right:0px;padding-bottom:0px;padding-left:0px;margin-top:5px;margin-right:0px;margin-bottom:10px;margin-left:0px;}.kt-info-box515_bdf252-c7 .kt-blocks-info-box-link-wrap:hover h4.kt-blocks-info-box-title{color:#000;}.kt-info-box515_bdf252-c7 .kt-infobox-textcontent .kt-blocks-info-box-text{color:#233008;}.wp-block-kadence-infobox.kt-info-box515_bdf252-c7 .kt-blocks-info-box-text{font-size:16px;line-height:24px;font-family:Montserrat;font-style:normal;font-weight:300;}.kt-info-box515_bdf252-c7 .kt-blocks-info-box-link-wrap:hover .kt-blocks-info-box-text{color:#000;}.kt-info-box515_bdf252-c7 .kt-blocks-info-box-learnmore{color:#233008;background:transparent;border-color:#444;font-family:Montserrat;font-style:normal;font-weight:300;border-width:1px 0px 0px 0px;padding-top:9px;padding-right:8px;padding-bottom:4px;padding-left:8px;margin-top:15px;margin-right:0px;margin-bottom:10px;margin-left:0px;}.kt-info-box515_bdf252-c7 .kt-blocks-info-box-link-wrap:hover .kt-blocks-info-box-learnmore,.kt-info-box515_bdf252-c7 .kt-blocks-info-box-link-wrap .kt-blocks-info-box-learnmore:focus{color:#000;background:#fff;border-color:#000;}@media all and (max-width: 1024px){.kt-info-box515_bdf252-c7 .kt-blocks-info-box-link-wrap{border-top:5px solid #233008;border-right:5px solid #233008;border-bottom:5px solid #233008;border-left:5px solid #233008;}}@media all and (max-width: 767px){.kt-info-box515_bdf252-c7 .kt-blocks-info-box-link-wrap{border-top:5px solid #233008;border-right:5px solid #233008;border-bottom:5px solid #233008;border-left:5px solid #233008;}}<\/style>\n<div class=\"wp-block-kadence-infobox kt-info-box515_bdf252-c7\"><div class=\"kt-blocks-info-box-link-wrap kt-blocks-info-box-media-align-top kt-info-halign-center\"><div class=\"kt-blocks-info-box-media-container\"><div class=\"kt-blocks-info-box-media kt-info-media-animate-none\"><div class=\"kadence-info-box-image-inner-intrisic-container\"><div class=\"kadence-info-box-image-intrisic kt-info-animate-none\"><div class=\"kadence-info-box-image-inner-intrisic\"><img loading=\"lazy\" decoding=\"async\" src=\"https:\/\/epanouir.org\/wp-content\/uploads\/2023\/08\/th-e1693320334238.jpeg\" alt=\"\" width=\"316\" height=\"316\" class=\"kt-info-box-image wp-image-1809\"\/><\/div><\/div><\/div><\/div><\/div><div class=\"kt-infobox-textcontent\"><h4 class=\"kt-blocks-info-box-title\"><strong>Merci pour vos t\u00e9moignages<\/strong><br><\/h4><p class=\"kt-blocks-info-box-text\"><strong>Message de Jeannine<\/strong><br>Bonjour\u00a0 Annabella, \u00e0 la suite de notre rencontre, ce matin, mon corps a sorti une injonction de taille : c&rsquo;est\u00a0 dans la difficult\u00e9\u00a0 et les confrontations que je peux\u00a0grandir\u00a0et \u00e9voluer et surtout pas\u00a0dans la paix et\u00a0le bonheur.<br>Alors\u00a0d\u00e9sormais je grandis je continue \u00e0 apprendre dans la paix la joie et le bonheur. Et quand\u00a0je ressens cela\u00a0c&rsquo;est un\u00a0vrai\u00a0feu d&rsquo;artifice apaisant dans\u00a0mon corps.<br>Merci<br><br><strong>Fabrice<\/strong><br>Merci Annabella pour la s\u00e9ance, tu me fais du bien, merci d&rsquo;\u00eatre qui tu es, merci d&rsquo;\u00eatre dans ma vie, merci pour tes partages&#8230;<br> <br><strong>Annie<\/strong><br>Merci <img decoding=\"async\" src=\"https:\/\/fonts.gstatic.com\/s\/e\/notoemoji\/15.1\/1f970\/32.png\" alt=\"\ud83e\udd70\"><img decoding=\"async\" src=\"https:\/\/fonts.gstatic.com\/s\/e\/notoemoji\/15.1\/1f917\/32.png\" alt=\"\ud83e\udd17\"><br>Notre \u00e9change m&rsquo;a fait beaucoup de bien, je me suis sentie comprise et accueillie <img decoding=\"async\" src=\"https:\/\/fonts.gstatic.com\/s\/e\/notoemoji\/15.1\/1f49d\/32.png\" alt=\"\ud83d\udc9d\"><br><br><strong>Pierre Yves<\/strong><br>\u00a0Merci beaucoup pour cette s\u00e9ance cet apr\u00e8s-midi qui m&rsquo;a vraiment fait prendre conscience qu&rsquo;il faut que je prenne soin de mon corps et que c&rsquo;est aussi gr\u00e2ce \u00e0 lui que je suis vivant. En tout cas plein de prises de conscience qui continuent de se faire. \u00c7a sera une s\u00e9ance inoubliable pour moi. Je te remercie de tout mon c\u0153ur et je te fais un tendre Hug. <img decoding=\"async\" src=\"https:\/\/fonts.gstatic.com\/s\/e\/notoemoji\/15.1\/1f64f\/32.png\" alt=\"\ud83d\ude4f\"><img decoding=\"async\" src=\"https:\/\/fonts.gstatic.com\/s\/e\/notoemoji\/15.1\/1f64f\/32.png\" alt=\"\ud83d\ude4f\"><br><br><strong>Jeannine<\/strong><br>Pour ma part, j ai fait une s\u00e9ance avec Annabella Lef\u00e8vre et ce f\u00fbt tr\u00e8s int\u00e9ressant<br>Depuis des ann\u00e9es bien s\u00fbr j&rsquo;avais travaill\u00e9 cela, mais avec son aide, j&rsquo;ai pris conscience de liens totalement occult\u00e9s et surtout de cet enchev\u00eatrement familial depuis mes arri\u00e8res grands parents jusqu&rsquo;\u00e0 mes petits enfants.<br>Merci Annabella.<br><br><strong>F&#8230;&#8230;.<\/strong><br>Notre dernier \u00e9change, a gu\u00e9ri quelquechose en moi, d\u00e9bloqu\u00e9 quelquechose qui \u00e9tait coinc\u00e9 depuis longtemps. Mon, \u00e9nergie circule \u00e0 nouveau, il y a tr\u00e8s longtemps que j\u2019attendais \u00e7a! <br>Merci Annabella<br><br><strong>S&#8230;..,<\/strong><br>Je voulais te dire que c&rsquo;\u00e9tait doux de rentrer apr\u00e8s cette journ\u00e9e d&rsquo;initiation avec toi.<br>J&rsquo;ai ressenti les jours suivant l&rsquo;esprit de la maieusthesie pr\u00e9sent avec nous. Il y avait de l&rsquo;apaisement dans notre communication avec <strong>A&#8230;.<\/strong> et \u00e0 l&rsquo;int\u00e9rieur de moi. C&rsquo;est vraiment bon de sentir que c&rsquo;est moins sur la d\u00e9fensive \u00e0 l&rsquo;int\u00e9rieur.<br>Cela me confirme mon \u00e9lan \u00e0 poursuivre \u00e0 cheminer avec la maieusthesie.<br>Merci Annabella pour ta contribution et ton soutien pour cela !<br><br><strong>Amans;<\/strong><br>Val\u00e9ry et Annabella m&rsquo;ont sembl\u00e9 \u00eatre une diade de formateur-ices en ma\u00efeusth\u00e9sie hors-pair.<br>Apprendre, contribuer \u00e0 ma gu\u00e9rison, me \/ nous \/ les rencontrer &#8230; tout cela a avanc\u00e9 pour moi \u00e0 leur c\u00f4t\u00e9. Leur alliance ajuste les apports, la compl\u00e9mentarit\u00e9 de leurs sensibilit\u00e9s et de leurs intelligences rend l&rsquo;ouvrage accessible avec une finesse remarquable &#8211; et \u00e9volutif. Iels contribuent d&rsquo;une fa\u00e7on qui me semble juste \u00e0 cette approche psy qui est je crois un soutien puissant, th\u00e9orie &amp; r\u00e9seau, pour se relier \u00e0 l&rsquo;humanit\u00e9 des autres plut\u00f4t qu&rsquo;\u00e0 leurs dysfonctionnements. Leur posture est empreinte de s\u00e9rieux, d&rsquo;humilit\u00e9 et de dynamisme. Yallah rencontrons les \u00eatres de toustes !<br><br><br><br><\/p><\/div><\/div><\/div>\n<\/div><\/div>\n\n<\/div><\/div>\n\n\n<h2 class=\"wp-block-heading has-text-align-center\"><a href=\"https:\/\/zcal.co\/annabellazcal\/60min\">Prendre rendez-vous !<\/a><\/h2>\n","protected":false},"excerpt":{"rendered":"<p>Prendre rendez-vous !<\/p>\n","protected":false},"author":1,"featured_media":0,"parent":37,"menu_order":0,"comment_status":"closed","ping_status":"closed","template":"","meta":{"footnotes":""},"class_list":["post-515","page","type-page","status-publish","hentry"],"yoast_head":"<!-- This site is optimized with the Yoast SEO plugin v27.5 - https:\/\/yoast.com\/product\/yoast-seo-wordpress\/ -->\n<title>Vos T\u00e9moignages - Annabella<\/title>\n<meta name=\"description\" content=\"Quelque soit votre probl\u00e9matique, la posture de la Ma\u00efeusth\u00e9sie vous apporte le soulagement d&#039;\u00eatre accueilli, reconnu, valid\u00e9 comme vous \u00eates\" \/>\n<meta name=\"robots\" content=\"index, follow, max-snippet:-1, max-image-preview:large, max-video-preview:-1\" \/>\n<link rel=\"canonical\" href=\"https:\/\/annabella.la\/?page_id=515\" \/>\n<meta property=\"og:locale\" content=\"fr_FR\" \/>\n<meta property=\"og:type\" content=\"article\" \/>\n<meta property=\"og:title\" content=\"Vos T\u00e9moignages - Annabella\" \/>\n<meta property=\"og:description\" content=\"Quelque soit votre probl\u00e9matique, la posture de la Ma\u00efeusth\u00e9sie vous apporte le soulagement d&#039;\u00eatre accueilli, reconnu, valid\u00e9 comme vous \u00eates\" \/>\n<meta property=\"og:url\" content=\"https:\/\/annabella.la\/?page_id=515\" \/>\n<meta property=\"og:site_name\" content=\"Annabella\" \/>\n<meta property=\"article:modified_time\" content=\"2025-11-05T18:46:21+00:00\" \/>\n<meta name=\"twitter:card\" content=\"summary_large_image\" \/>\n<meta name=\"twitter:label1\" content=\"Dur\u00e9e de lecture estim\u00e9e\" \/>\n\t<meta name=\"twitter:data1\" content=\"4 minutes\" \/>\n<script type=\"application\/ld+json\" class=\"yoast-schema-graph\">{\"@context\":\"https:\\\/\\\/schema.org\",\"@graph\":[{\"@type\":\"WebPage\",\"@id\":\"https:\\\/\\\/annabella.la\\\/?page_id=515\",\"url\":\"https:\\\/\\\/annabella.la\\\/?page_id=515\",\"name\":\"Vos T\u00e9moignages - Annabella\",\"isPartOf\":{\"@id\":\"https:\\\/\\\/annabella.la\\\/#website\"},\"primaryImageOfPage\":{\"@id\":\"https:\\\/\\\/annabella.la\\\/?page_id=515#primaryimage\"},\"image\":{\"@id\":\"https:\\\/\\\/annabella.la\\\/?page_id=515#primaryimage\"},\"thumbnailUrl\":\"https:\\\/\\\/epanouir.org\\\/wp-content\\\/uploads\\\/2023\\\/08\\\/th-e1693320334238.jpeg\",\"datePublished\":\"2024-11-28T20:56:25+00:00\",\"dateModified\":\"2025-11-05T18:46:21+00:00\",\"description\":\"Quelque soit votre probl\u00e9matique, la posture de la Ma\u00efeusth\u00e9sie vous apporte le soulagement d'\u00eatre accueilli, reconnu, valid\u00e9 comme vous \u00eates\",\"breadcrumb\":{\"@id\":\"https:\\\/\\\/annabella.la\\\/?page_id=515#breadcrumb\"},\"inLanguage\":\"fr-FR\",\"potentialAction\":[{\"@type\":\"ReadAction\",\"target\":[\"https:\\\/\\\/annabella.la\\\/?page_id=515\"]}]},{\"@type\":\"ImageObject\",\"inLanguage\":\"fr-FR\",\"@id\":\"https:\\\/\\\/annabella.la\\\/?page_id=515#primaryimage\",\"url\":\"https:\\\/\\\/epanouir.org\\\/wp-content\\\/uploads\\\/2023\\\/08\\\/th-e1693320334238.jpeg\",\"contentUrl\":\"https:\\\/\\\/epanouir.org\\\/wp-content\\\/uploads\\\/2023\\\/08\\\/th-e1693320334238.jpeg\"},{\"@type\":\"BreadcrumbList\",\"@id\":\"https:\\\/\\\/annabella.la\\\/?page_id=515#breadcrumb\",\"itemListElement\":[{\"@type\":\"ListItem\",\"position\":1,\"name\":\"Accueil\",\"item\":\"https:\\\/\\\/annabella.la\\\/\"},{\"@type\":\"ListItem\",\"position\":2,\"name\":\"Annabella Lefevre\",\"item\":\"https:\\\/\\\/annabella.la\\\/\"},{\"@type\":\"ListItem\",\"position\":3,\"name\":\"Vos T\u00e9moignages\"}]},{\"@type\":\"WebSite\",\"@id\":\"https:\\\/\\\/annabella.la\\\/#website\",\"url\":\"https:\\\/\\\/annabella.la\\\/\",\"name\":\"Annabella\",\"description\":\"l&#039;Art d&#039;accueillir ce qui est\",\"publisher\":{\"@id\":\"https:\\\/\\\/annabella.la\\\/#organization\"},\"potentialAction\":[{\"@type\":\"SearchAction\",\"target\":{\"@type\":\"EntryPoint\",\"urlTemplate\":\"https:\\\/\\\/annabella.la\\\/?s={search_term_string}\"},\"query-input\":{\"@type\":\"PropertyValueSpecification\",\"valueRequired\":true,\"valueName\":\"search_term_string\"}}],\"inLanguage\":\"fr-FR\"},{\"@type\":\"Organization\",\"@id\":\"https:\\\/\\\/annabella.la\\\/#organization\",\"name\":\"Annabella\",\"url\":\"https:\\\/\\\/annabella.la\\\/\",\"logo\":{\"@type\":\"ImageObject\",\"inLanguage\":\"fr-FR\",\"@id\":\"https:\\\/\\\/annabella.la\\\/#\\\/schema\\\/logo\\\/image\\\/\",\"url\":\"https:\\\/\\\/annabella.la\\\/wp-content\\\/uploads\\\/2024\\\/02\\\/Cyclamens-modified.png\",\"contentUrl\":\"https:\\\/\\\/annabella.la\\\/wp-content\\\/uploads\\\/2024\\\/02\\\/Cyclamens-modified.png\",\"width\":1984,\"height\":1984,\"caption\":\"Annabella\"},\"image\":{\"@id\":\"https:\\\/\\\/annabella.la\\\/#\\\/schema\\\/logo\\\/image\\\/\"}}]}<\/script>\n<!-- \/ Yoast SEO plugin. -->","yoast_head_json":{"title":"Vos T\u00e9moignages - Annabella","description":"Quelque soit votre probl\u00e9matique, la posture de la Ma\u00efeusth\u00e9sie vous apporte le soulagement d'\u00eatre accueilli, reconnu, valid\u00e9 comme vous \u00eates","robots":{"index":"index","follow":"follow","max-snippet":"max-snippet:-1","max-image-preview":"max-image-preview:large","max-video-preview":"max-video-preview:-1"},"canonical":"https:\/\/annabella.la\/?page_id=515","og_locale":"fr_FR","og_type":"article","og_title":"Vos T\u00e9moignages - Annabella","og_description":"Quelque soit votre probl\u00e9matique, la posture de la Ma\u00efeusth\u00e9sie vous apporte le soulagement d'\u00eatre accueilli, reconnu, valid\u00e9 comme vous \u00eates","og_url":"https:\/\/annabella.la\/?page_id=515","og_site_name":"Annabella","article_modified_time":"2025-11-05T18:46:21+00:00","twitter_card":"summary_large_image","twitter_misc":{"Dur\u00e9e de lecture estim\u00e9e":"4 minutes"},"schema":{"@context":"https:\/\/schema.org","@graph":[{"@type":"WebPage","@id":"https:\/\/annabella.la\/?page_id=515","url":"https:\/\/annabella.la\/?page_id=515","name":"Vos T\u00e9moignages - Annabella","isPartOf":{"@id":"https:\/\/annabella.la\/#website"},"primaryImageOfPage":{"@id":"https:\/\/annabella.la\/?page_id=515#primaryimage"},"image":{"@id":"https:\/\/annabella.la\/?page_id=515#primaryimage"},"thumbnailUrl":"https:\/\/epanouir.org\/wp-content\/uploads\/2023\/08\/th-e1693320334238.jpeg","datePublished":"2024-11-28T20:56:25+00:00","dateModified":"2025-11-05T18:46:21+00:00","description":"Quelque soit votre probl\u00e9matique, la posture de la Ma\u00efeusth\u00e9sie vous apporte le soulagement d'\u00eatre accueilli, reconnu, valid\u00e9 comme vous \u00eates","breadcrumb":{"@id":"https:\/\/annabella.la\/?page_id=515#breadcrumb"},"inLanguage":"fr-FR","potentialAction":[{"@type":"ReadAction","target":["https:\/\/annabella.la\/?page_id=515"]}]},{"@type":"ImageObject","inLanguage":"fr-FR","@id":"https:\/\/annabella.la\/?page_id=515#primaryimage","url":"https:\/\/epanouir.org\/wp-content\/uploads\/2023\/08\/th-e1693320334238.jpeg","contentUrl":"https:\/\/epanouir.org\/wp-content\/uploads\/2023\/08\/th-e1693320334238.jpeg"},{"@type":"BreadcrumbList","@id":"https:\/\/annabella.la\/?page_id=515#breadcrumb","itemListElement":[{"@type":"ListItem","position":1,"name":"Accueil","item":"https:\/\/annabella.la\/"},{"@type":"ListItem","position":2,"name":"Annabella Lefevre","item":"https:\/\/annabella.la\/"},{"@type":"ListItem","position":3,"name":"Vos T\u00e9moignages"}]},{"@type":"WebSite","@id":"https:\/\/annabella.la\/#website","url":"https:\/\/annabella.la\/","name":"Annabella","description":"l&#039;Art d&#039;accueillir ce qui est","publisher":{"@id":"https:\/\/annabella.la\/#organization"},"potentialAction":[{"@type":"SearchAction","target":{"@type":"EntryPoint","urlTemplate":"https:\/\/annabella.la\/?s={search_term_string}"},"query-input":{"@type":"PropertyValueSpecification","valueRequired":true,"valueName":"search_term_string"}}],"inLanguage":"fr-FR"},{"@type":"Organization","@id":"https:\/\/annabella.la\/#organization","name":"Annabella","url":"https:\/\/annabella.la\/","logo":{"@type":"ImageObject","inLanguage":"fr-FR","@id":"https:\/\/annabella.la\/#\/schema\/logo\/image\/","url":"https:\/\/annabella.la\/wp-content\/uploads\/2024\/02\/Cyclamens-modified.png","contentUrl":"https:\/\/annabella.la\/wp-content\/uploads\/2024\/02\/Cyclamens-modified.png","width":1984,"height":1984,"caption":"Annabella"},"image":{"@id":"https:\/\/annabella.la\/#\/schema\/logo\/image\/"}}]}},"_links":{"self":[{"href":"https:\/\/annabella.la\/index.php?rest_route=\/wp\/v2\/pages\/515","targetHints":{"allow":["GET"]}}],"collection":[{"href":"https:\/\/annabella.la\/index.php?rest_route=\/wp\/v2\/pages"}],"about":[{"href":"https:\/\/annabella.la\/index.php?rest_route=\/wp\/v2\/types\/page"}],"author":[{"embeddable":true,"href":"https:\/\/annabella.la\/index.php?rest_route=\/wp\/v2\/users\/1"}],"replies":[{"embeddable":true,"href":"https:\/\/annabella.la\/index.php?rest_route=%2Fwp%2Fv2%2Fcomments&post=515"}],"version-history":[{"count":5,"href":"https:\/\/annabella.la\/index.php?rest_route=\/wp\/v2\/pages\/515\/revisions"}],"predecessor-version":[{"id":632,"href":"https:\/\/annabella.la\/index.php?rest_route=\/wp\/v2\/pages\/515\/revisions\/632"}],"up":[{"embeddable":true,"href":"https:\/\/annabella.la\/index.php?rest_route=\/wp\/v2\/pages\/37"}],"wp:attachment":[{"href":"https:\/\/annabella.la\/index.php?rest_route=%2Fwp%2Fv2%2Fmedia&parent=515"}],"curies":[{"name":"wp","href":"https:\/\/api.w.org\/{rel}","templated":true}]}}