{"id":546,"date":"2025-04-27T17:14:20","date_gmt":"2025-04-27T15:14:20","guid":{"rendered":"https:\/\/annabella.la\/?page_id=546"},"modified":"2025-11-05T19:40:41","modified_gmt":"2025-11-05T18:40:41","slug":"constellations-en-maieusthesie-copy-copy","status":"publish","type":"page","link":"https:\/\/annabella.la\/?page_id=546","title":{"rendered":"Journ\u00e9e de mise en \u0153uvre"},"content":{"rendered":"<style>.kb-row-layout-wrap.wp-block-kadence-rowlayout.kb-row-layout-id546_b03e21-00{margin-bottom:var(--global-kb-spacing-lg, 3rem);}.kb-row-layout-id546_b03e21-00 > .kt-row-column-wrap{align-content:start;}:where(.kb-row-layout-id546_b03e21-00 > .kt-row-column-wrap) > .wp-block-kadence-column{justify-content:start;}.kb-row-layout-id546_b03e21-00 > .kt-row-column-wrap{column-gap:var(--global-kb-gap-md, 2rem);row-gap:var(--global-kb-gap-md, 2rem);max-width:1140px;margin-left:auto;margin-right:auto;padding-top:85px;padding-bottom:0px;grid-template-columns:minmax(0, 1fr);}.kb-row-layout-id546_b03e21-00{border-top-left-radius:30px;border-top-right-radius:30px;border-bottom-right-radius:30px;border-bottom-left-radius:30px;overflow:clip;isolation:isolate;}.kb-row-layout-id546_b03e21-00 > .kt-row-layout-overlay{border-top-left-radius:30px;border-top-right-radius:30px;border-bottom-right-radius:30px;border-bottom-left-radius:30px;}.kb-row-layout-id546_b03e21-00{border-top:5px solid #506e16;border-right:5px solid #506e16;border-bottom:5px solid #506e16;border-left:5px solid #506e16;}.kb-row-layout-id546_b03e21-00{background-color:#f9f9f9;background-image:url('https:\/\/epanouir.org\/wp-content\/uploads\/2023\/08\/IMG_20230625_180941-scaled.jpg');background-size:cover;background-position:center center;background-attachment:scroll;background-repeat:no-repeat;}.kb-row-layout-id546_b03e21-00 > .kt-row-layout-overlay{opacity:0.30;}@media all and (max-width: 1024px){.kb-row-layout-id546_b03e21-00 > .kt-row-column-wrap{grid-template-columns:minmax(0, 1fr);}}@media all and (max-width: 1024px){.kb-row-layout-id546_b03e21-00{border-top:5px solid #506e16;border-right:5px solid #506e16;border-bottom:5px solid #506e16;border-left:5px solid #506e16;}}@media all and (max-width: 767px){.kb-row-layout-id546_b03e21-00 > .kt-row-column-wrap{grid-template-columns:minmax(0, 1fr);}.kb-row-layout-id546_b03e21-00{border-top:5px solid #506e16;border-right:5px solid #506e16;border-bottom:5px solid #506e16;border-left:5px solid #506e16;}}<\/style><div class=\"kb-row-layout-wrap kb-row-layout-id546_b03e21-00 alignfull kt-row-has-bg wp-block-kadence-rowlayout\"><div class=\"kt-row-column-wrap kt-has-1-columns kt-row-layout-equal kt-tab-layout-inherit kt-mobile-layout-row kt-row-valign-top\">\n<style>.kadence-column546_f6bc58-81 > .kt-inside-inner-col{padding-bottom:var(--global-kb-spacing-lg, 3rem);}.kadence-column546_f6bc58-81 > .kt-inside-inner-col,.kadence-column546_f6bc58-81 > .kt-inside-inner-col:before{border-top-left-radius:0px;border-top-right-radius:0px;border-bottom-right-radius:0px;border-bottom-left-radius:0px;}.kadence-column546_f6bc58-81 > .kt-inside-inner-col{column-gap:var(--global-kb-gap-sm, 1rem);}.kadence-column546_f6bc58-81 > .kt-inside-inner-col{flex-direction:column;}.kadence-column546_f6bc58-81 > .kt-inside-inner-col > .aligncenter{width:100%;}.kadence-column546_f6bc58-81 > .kt-inside-inner-col:before{opacity:0.3;}.kadence-column546_f6bc58-81{position:relative;}@media all and (max-width: 1024px){.kadence-column546_f6bc58-81 > .kt-inside-inner-col{flex-direction:column;justify-content:center;}}@media all and (max-width: 767px){.kadence-column546_f6bc58-81 > .kt-inside-inner-col{flex-direction:column;justify-content:center;}}<\/style>\n<div class=\"wp-block-kadence-column kadence-column546_f6bc58-81 kb-section-dir-vertical inner-column-1\"><div class=\"kt-inside-inner-col\"><style>.wp-block-kadence-column.kb-section-dir-horizontal > .kt-inside-inner-col > .kt-info-box546_e225b6-90 .kt-blocks-info-box-link-wrap{max-width:unset;}.kt-info-box546_e225b6-90 .kt-blocks-info-box-link-wrap{border-top:5px solid #111111;border-right:5px solid #111111;border-bottom:5px solid #111111;border-left:5px solid #111111;border-top-left-radius:30px;border-top-right-radius:30px;border-bottom-right-radius:30px;border-bottom-left-radius:30px;background:#fff;padding-top:var(--global-kb-spacing-xs, 1rem);padding-right:var(--global-kb-spacing-xs, 1rem);padding-bottom:var(--global-kb-spacing-xs, 1rem);padding-left:var(--global-kb-spacing-xs, 1rem);}.kt-info-box546_e225b6-90 .kt-blocks-info-box-link-wrap:hover{background:#fff;}.kt-info-box546_e225b6-90.wp-block-kadence-infobox{max-width:100%;}.kt-info-box546_e225b6-90 .kadence-info-box-image-inner-intrisic-container{max-width:100px;}.kt-info-box546_e225b6-90 .kadence-info-box-image-inner-intrisic-container .kadence-info-box-image-intrisic{padding-bottom:100%;width:316px;height:0px;max-width:100%;}.kt-info-box546_e225b6-90 .kadence-info-box-icon-container .kt-info-svg-icon, .kt-info-box546_e225b6-90 .kt-info-svg-icon-flip, .kt-info-box546_e225b6-90 .kt-blocks-info-box-number{font-size:50px;}.kt-info-box546_e225b6-90 .kt-blocks-info-box-media{color:#444;background:#fff;border-color:#e7b816;border-radius:200px;overflow:hidden;border-top-width:3px;border-right-width:3px;border-bottom-width:3px;border-left-width:3px;padding-top:0px;padding-right:0px;padding-bottom:0px;padding-left:0px;}.kt-info-box546_e225b6-90 .kt-blocks-info-box-media-container{margin-top:0px;margin-right:15px;margin-bottom:10px;margin-left:15px;}.kt-info-box546_e225b6-90 .kt-blocks-info-box-link-wrap:hover .kt-blocks-info-box-media{color:#000;background:#fff;border-color:#d1d1d1;}.kt-info-box546_e225b6-90 .kt-infobox-textcontent p.kt-blocks-info-box-title{color:#568c11;font-size:20px;line-height:25px;font-family:Montserrat;font-style:normal;font-weight:300;padding-top:0px;padding-right:0px;padding-bottom:0px;padding-left:0px;margin-top:5px;margin-right:0px;margin-bottom:10px;margin-left:0px;}.kt-info-box546_e225b6-90 .kt-blocks-info-box-link-wrap:hover p.kt-blocks-info-box-title{color:#000;}.kt-info-box546_e225b6-90 .kt-infobox-textcontent .kt-blocks-info-box-text{color:#568c11;}.wp-block-kadence-infobox.kt-info-box546_e225b6-90 .kt-blocks-info-box-text{font-size:16px;line-height:24px;font-family:Montserrat;font-style:normal;font-weight:300;}.kt-info-box546_e225b6-90 .kt-blocks-info-box-link-wrap:hover .kt-blocks-info-box-text{color:#000;}.kt-info-box546_e225b6-90 .kt-blocks-info-box-learnmore{color:#233008;background:transparent;border-color:#444;font-family:Montserrat;font-style:normal;font-weight:300;border-width:1px 0px 0px 0px;padding-top:9px;padding-right:8px;padding-bottom:4px;padding-left:8px;margin-top:15px;margin-right:0px;margin-bottom:10px;margin-left:0px;}.kt-info-box546_e225b6-90 .kt-blocks-info-box-link-wrap:hover .kt-blocks-info-box-learnmore,.kt-info-box546_e225b6-90 .kt-blocks-info-box-link-wrap .kt-blocks-info-box-learnmore:focus{color:#000;background:#fff;border-color:#000;}@media all and (max-width: 1024px){.kt-info-box546_e225b6-90 .kt-blocks-info-box-link-wrap{border-top:5px solid #111111;border-right:5px solid #111111;border-bottom:5px solid #111111;border-left:5px solid #111111;}}@media all and (max-width: 767px){.kt-info-box546_e225b6-90 .kt-blocks-info-box-link-wrap{border-top:5px solid #111111;border-right:5px solid #111111;border-bottom:5px solid #111111;border-left:5px solid #111111;}}<\/style>\n<div class=\"wp-block-kadence-infobox kt-info-box546_e225b6-90\"><div class=\"kt-blocks-info-box-link-wrap kt-blocks-info-box-media-align-top kt-info-halign-center\"><div class=\"kt-blocks-info-box-media-container\"><div class=\"kt-blocks-info-box-media kt-info-media-animate-none\"><div class=\"kadence-info-box-image-inner-intrisic-container\"><div class=\"kadence-info-box-image-intrisic kt-info-animate-none\"><div class=\"kadence-info-box-image-inner-intrisic\"><img loading=\"lazy\" decoding=\"async\" src=\"https:\/\/epanouir.org\/wp-content\/uploads\/2023\/08\/th-e1693320334238.jpeg\" alt=\"\" width=\"316\" height=\"316\" class=\"kt-info-box-image wp-image-1809\"\/><\/div><\/div><\/div><\/div><\/div><div class=\"kt-infobox-textcontent\"><p class=\"kt-blocks-info-box-title\"><strong>Vous avez particip\u00e9 \u00e0 une journ\u00e9e d\u2019initiation \u00e0 la Ma\u00efeusth\u00e9sie et je vous en remercie !<\/strong><br><br><strong><strong>Il est temps de passer \u00e0 la pratique<\/strong> !<\/strong><br><br><br><strong>Vous connaissez probablement des situations dans lesquelles vous vous \u00eates sentis d\u00e9munis ou dont la perspective vous inqui\u00e8te\u2026 (altercations, engueulades, rendez-vous rat\u00e9, rendez-vous \u00e0 venir, entretien professionnel, probl\u00e8mes familiaux, belle-m\u00e8re, belle-fille etc\u2026)<\/strong> \ud83d\ude01<br><br><strong>Voici une occasion de les aborder en pratique : comment j\u2019aurais pu faire, ce que j\u2019aurais pu dire, comment \u00eatre dans le cas o\u00f9\u2026.<\/strong><br><br><strong>Ce sera un grand plaisir pour moi de vous retrouver pour cette belle exp\u00e9rience<\/strong><br><br><br><br><strong>Annabella<\/strong><\/p><p class=\"kt-blocks-info-box-text\"><\/p><\/div><\/div><\/div>\n<\/div><\/div>\n\n<\/div><\/div>\n\n\n<p><\/p>\n","protected":false},"excerpt":{"rendered":"","protected":false},"author":1,"featured_media":0,"parent":401,"menu_order":0,"comment_status":"closed","ping_status":"closed","template":"","meta":{"footnotes":""},"class_list":["post-546","page","type-page","status-publish","hentry"],"yoast_head":"<!-- This site is optimized with the Yoast SEO plugin v27.4 - https:\/\/yoast.com\/product\/yoast-seo-wordpress\/ -->\n<title>Journ\u00e9e de mise en \u0153uvre - Annabella<\/title>\n<meta name=\"robots\" content=\"index, follow, max-snippet:-1, max-image-preview:large, max-video-preview:-1\" \/>\n<link rel=\"canonical\" href=\"https:\/\/annabella.la\/?page_id=546\" \/>\n<meta property=\"og:locale\" content=\"fr_FR\" \/>\n<meta property=\"og:type\" content=\"article\" \/>\n<meta property=\"og:title\" content=\"Journ\u00e9e de mise en \u0153uvre - Annabella\" \/>\n<meta property=\"og:url\" content=\"https:\/\/annabella.la\/?page_id=546\" \/>\n<meta property=\"og:site_name\" content=\"Annabella\" \/>\n<meta property=\"article:modified_time\" content=\"2025-11-05T18:40:41+00:00\" \/>\n<meta name=\"twitter:card\" content=\"summary_large_image\" \/>\n<meta name=\"twitter:label1\" content=\"Dur\u00e9e de lecture estim\u00e9e\" \/>\n\t<meta name=\"twitter:data1\" content=\"1 minute\" \/>\n<script type=\"application\/ld+json\" class=\"yoast-schema-graph\">{\"@context\":\"https:\\\/\\\/schema.org\",\"@graph\":[{\"@type\":\"WebPage\",\"@id\":\"https:\\\/\\\/annabella.la\\\/?page_id=546\",\"url\":\"https:\\\/\\\/annabella.la\\\/?page_id=546\",\"name\":\"Journ\u00e9e de mise en \u0153uvre - Annabella\",\"isPartOf\":{\"@id\":\"https:\\\/\\\/annabella.la\\\/#website\"},\"primaryImageOfPage\":{\"@id\":\"https:\\\/\\\/annabella.la\\\/?page_id=546#primaryimage\"},\"image\":{\"@id\":\"https:\\\/\\\/annabella.la\\\/?page_id=546#primaryimage\"},\"thumbnailUrl\":\"https:\\\/\\\/epanouir.org\\\/wp-content\\\/uploads\\\/2023\\\/08\\\/th-e1693320334238.jpeg\",\"datePublished\":\"2025-04-27T15:14:20+00:00\",\"dateModified\":\"2025-11-05T18:40:41+00:00\",\"breadcrumb\":{\"@id\":\"https:\\\/\\\/annabella.la\\\/?page_id=546#breadcrumb\"},\"inLanguage\":\"fr-FR\",\"potentialAction\":[{\"@type\":\"ReadAction\",\"target\":[\"https:\\\/\\\/annabella.la\\\/?page_id=546\"]}]},{\"@type\":\"ImageObject\",\"inLanguage\":\"fr-FR\",\"@id\":\"https:\\\/\\\/annabella.la\\\/?page_id=546#primaryimage\",\"url\":\"https:\\\/\\\/epanouir.org\\\/wp-content\\\/uploads\\\/2023\\\/08\\\/th-e1693320334238.jpeg\",\"contentUrl\":\"https:\\\/\\\/epanouir.org\\\/wp-content\\\/uploads\\\/2023\\\/08\\\/th-e1693320334238.jpeg\"},{\"@type\":\"BreadcrumbList\",\"@id\":\"https:\\\/\\\/annabella.la\\\/?page_id=546#breadcrumb\",\"itemListElement\":[{\"@type\":\"ListItem\",\"position\":1,\"name\":\"Accueil\",\"item\":\"https:\\\/\\\/annabella.la\\\/\"},{\"@type\":\"ListItem\",\"position\":2,\"name\":\"Les Propositions d&rsquo;Annabella\",\"item\":\"https:\\\/\\\/annabella.la\\\/?page_id=401\"},{\"@type\":\"ListItem\",\"position\":3,\"name\":\"Journ\u00e9e de mise en \u0153uvre\"}]},{\"@type\":\"WebSite\",\"@id\":\"https:\\\/\\\/annabella.la\\\/#website\",\"url\":\"https:\\\/\\\/annabella.la\\\/\",\"name\":\"Annabella\",\"description\":\"l&#039;Art d&#039;accueillir ce qui est\",\"publisher\":{\"@id\":\"https:\\\/\\\/annabella.la\\\/#organization\"},\"potentialAction\":[{\"@type\":\"SearchAction\",\"target\":{\"@type\":\"EntryPoint\",\"urlTemplate\":\"https:\\\/\\\/annabella.la\\\/?s={search_term_string}\"},\"query-input\":{\"@type\":\"PropertyValueSpecification\",\"valueRequired\":true,\"valueName\":\"search_term_string\"}}],\"inLanguage\":\"fr-FR\"},{\"@type\":\"Organization\",\"@id\":\"https:\\\/\\\/annabella.la\\\/#organization\",\"name\":\"Annabella\",\"url\":\"https:\\\/\\\/annabella.la\\\/\",\"logo\":{\"@type\":\"ImageObject\",\"inLanguage\":\"fr-FR\",\"@id\":\"https:\\\/\\\/annabella.la\\\/#\\\/schema\\\/logo\\\/image\\\/\",\"url\":\"https:\\\/\\\/annabella.la\\\/wp-content\\\/uploads\\\/2024\\\/02\\\/Cyclamens-modified.png\",\"contentUrl\":\"https:\\\/\\\/annabella.la\\\/wp-content\\\/uploads\\\/2024\\\/02\\\/Cyclamens-modified.png\",\"width\":1984,\"height\":1984,\"caption\":\"Annabella\"},\"image\":{\"@id\":\"https:\\\/\\\/annabella.la\\\/#\\\/schema\\\/logo\\\/image\\\/\"}}]}<\/script>\n<!-- \/ Yoast SEO plugin. -->","yoast_head_json":{"title":"Journ\u00e9e de mise en \u0153uvre - Annabella","robots":{"index":"index","follow":"follow","max-snippet":"max-snippet:-1","max-image-preview":"max-image-preview:large","max-video-preview":"max-video-preview:-1"},"canonical":"https:\/\/annabella.la\/?page_id=546","og_locale":"fr_FR","og_type":"article","og_title":"Journ\u00e9e de mise en \u0153uvre - Annabella","og_url":"https:\/\/annabella.la\/?page_id=546","og_site_name":"Annabella","article_modified_time":"2025-11-05T18:40:41+00:00","twitter_card":"summary_large_image","twitter_misc":{"Dur\u00e9e de lecture estim\u00e9e":"1 minute"},"schema":{"@context":"https:\/\/schema.org","@graph":[{"@type":"WebPage","@id":"https:\/\/annabella.la\/?page_id=546","url":"https:\/\/annabella.la\/?page_id=546","name":"Journ\u00e9e de mise en \u0153uvre - Annabella","isPartOf":{"@id":"https:\/\/annabella.la\/#website"},"primaryImageOfPage":{"@id":"https:\/\/annabella.la\/?page_id=546#primaryimage"},"image":{"@id":"https:\/\/annabella.la\/?page_id=546#primaryimage"},"thumbnailUrl":"https:\/\/epanouir.org\/wp-content\/uploads\/2023\/08\/th-e1693320334238.jpeg","datePublished":"2025-04-27T15:14:20+00:00","dateModified":"2025-11-05T18:40:41+00:00","breadcrumb":{"@id":"https:\/\/annabella.la\/?page_id=546#breadcrumb"},"inLanguage":"fr-FR","potentialAction":[{"@type":"ReadAction","target":["https:\/\/annabella.la\/?page_id=546"]}]},{"@type":"ImageObject","inLanguage":"fr-FR","@id":"https:\/\/annabella.la\/?page_id=546#primaryimage","url":"https:\/\/epanouir.org\/wp-content\/uploads\/2023\/08\/th-e1693320334238.jpeg","contentUrl":"https:\/\/epanouir.org\/wp-content\/uploads\/2023\/08\/th-e1693320334238.jpeg"},{"@type":"BreadcrumbList","@id":"https:\/\/annabella.la\/?page_id=546#breadcrumb","itemListElement":[{"@type":"ListItem","position":1,"name":"Accueil","item":"https:\/\/annabella.la\/"},{"@type":"ListItem","position":2,"name":"Les Propositions d&rsquo;Annabella","item":"https:\/\/annabella.la\/?page_id=401"},{"@type":"ListItem","position":3,"name":"Journ\u00e9e de mise en \u0153uvre"}]},{"@type":"WebSite","@id":"https:\/\/annabella.la\/#website","url":"https:\/\/annabella.la\/","name":"Annabella","description":"l&#039;Art d&#039;accueillir ce qui est","publisher":{"@id":"https:\/\/annabella.la\/#organization"},"potentialAction":[{"@type":"SearchAction","target":{"@type":"EntryPoint","urlTemplate":"https:\/\/annabella.la\/?s={search_term_string}"},"query-input":{"@type":"PropertyValueSpecification","valueRequired":true,"valueName":"search_term_string"}}],"inLanguage":"fr-FR"},{"@type":"Organization","@id":"https:\/\/annabella.la\/#organization","name":"Annabella","url":"https:\/\/annabella.la\/","logo":{"@type":"ImageObject","inLanguage":"fr-FR","@id":"https:\/\/annabella.la\/#\/schema\/logo\/image\/","url":"https:\/\/annabella.la\/wp-content\/uploads\/2024\/02\/Cyclamens-modified.png","contentUrl":"https:\/\/annabella.la\/wp-content\/uploads\/2024\/02\/Cyclamens-modified.png","width":1984,"height":1984,"caption":"Annabella"},"image":{"@id":"https:\/\/annabella.la\/#\/schema\/logo\/image\/"}}]}},"_links":{"self":[{"href":"https:\/\/annabella.la\/index.php?rest_route=\/wp\/v2\/pages\/546","targetHints":{"allow":["GET"]}}],"collection":[{"href":"https:\/\/annabella.la\/index.php?rest_route=\/wp\/v2\/pages"}],"about":[{"href":"https:\/\/annabella.la\/index.php?rest_route=\/wp\/v2\/types\/page"}],"author":[{"embeddable":true,"href":"https:\/\/annabella.la\/index.php?rest_route=\/wp\/v2\/users\/1"}],"replies":[{"embeddable":true,"href":"https:\/\/annabella.la\/index.php?rest_route=%2Fwp%2Fv2%2Fcomments&post=546"}],"version-history":[{"count":3,"href":"https:\/\/annabella.la\/index.php?rest_route=\/wp\/v2\/pages\/546\/revisions"}],"predecessor-version":[{"id":554,"href":"https:\/\/annabella.la\/index.php?rest_route=\/wp\/v2\/pages\/546\/revisions\/554"}],"up":[{"embeddable":true,"href":"https:\/\/annabella.la\/index.php?rest_route=\/wp\/v2\/pages\/401"}],"wp:attachment":[{"href":"https:\/\/annabella.la\/index.php?rest_route=%2Fwp%2Fv2%2Fmedia&parent=546"}],"curies":[{"name":"wp","href":"https:\/\/api.w.org\/{rel}","templated":true}]}}